{"id":727,"date":"2024-09-03T14:47:42","date_gmt":"2024-09-03T14:47:42","guid":{"rendered":"http:\/\/aquabrassxpress.com\/politique-de-confidentialite\/"},"modified":"2024-10-18T14:26:44","modified_gmt":"2024-10-18T14:26:44","slug":"politique-de-confidentialite","status":"publish","type":"page","link":"https:\/\/aquabrassxpress.com\/fr\/politique-de-confidentialite\/","title":{"rendered":"Politique de confidentialit\u00e9"},"content":{"rendered":"\n<h1 class=\"wp-block-heading\">Conditions de service (\u00ab\u00a0Conditions\u00a0\u00bb)<\/h1>\n\n<p>Derni\u00e8re mise \u00e0 jour : 2016-12-01<\/p>\n\n<p><\/p>\n\n<p>Veuillez lire attentivement les pr\u00e9sentes conditions d&rsquo;utilisation (\u00ab\u00a0conditions\u00a0\u00bb, \u00ab\u00a0conditions d&rsquo;utilisation\u00a0\u00bb) avant d&rsquo;utiliser le site web http:\/\/aquabrass.com (le \u00ab\u00a0service\u00a0\u00bb) exploit\u00e9 par Aquabrass Inc. Votre acc\u00e8s et votre utilisation du Service sont conditionn\u00e9s par votre acceptation et votre respect des pr\u00e9sentes Conditions. Ces conditions s&rsquo;appliquent \u00e0 tous les visiteurs, utilisateurs et autres personnes qui acc\u00e8dent au service ou l&rsquo;utilisent. En acc\u00e9dant au service ou en l&rsquo;utilisant, vous acceptez d&rsquo;\u00eatre li\u00e9 par ces conditions. Si vous n&rsquo;\u00eates pas d&rsquo;accord avec une partie des conditions, vous ne pouvez pas acc\u00e9der au service.    <\/p>\n\n<p><\/p>\n\n<p><strong>Cessation de service<\/strong><\/p>\n\n<p>Nous pouvons r\u00e9silier ou suspendre l&rsquo;acc\u00e8s \u00e0 notre service imm\u00e9diatement, sans pr\u00e9avis ni responsabilit\u00e9, pour quelque raison que ce soit, y compris, mais sans s&rsquo;y limiter, si vous ne respectez pas les conditions. Toutes les dispositions des Conditions qui, de par leur nature, devraient survivre \u00e0 la r\u00e9siliation, survivront \u00e0 la r\u00e9siliation, y compris, mais sans s&rsquo;y limiter, les dispositions relatives \u00e0 la propri\u00e9t\u00e9, les exclusions de garantie, l&rsquo;indemnisation et les limitations de responsabilit\u00e9. <\/p>\n\n<p><\/p>\n\n<p><strong>Droit applicable<\/strong><\/p>\n\n<p>Les pr\u00e9sentes conditions sont r\u00e9gies et interpr\u00e9t\u00e9es conform\u00e9ment aux lois du pays, sans tenir compte des dispositions relatives aux conflits de lois. Le fait que nous n&rsquo;appliquions pas un droit ou une disposition des pr\u00e9sentes conditions ne sera pas consid\u00e9r\u00e9 comme une renonciation \u00e0 ces droits. Si une disposition des pr\u00e9sentes conditions est jug\u00e9e invalide ou inapplicable par un tribunal, les autres dispositions des pr\u00e9sentes conditions resteront en vigueur. Les pr\u00e9sentes conditions constituent l&rsquo;int\u00e9gralit\u00e9 de l&rsquo;accord entre nous concernant notre service, et annulent et remplacent tout accord ant\u00e9rieur que nous pourrions avoir entre nous concernant le service.   <\/p>\n\n<p><\/p>\n\n<p><strong>Changements<\/strong><\/p>\n\n<p>Nous nous r\u00e9servons le droit, \u00e0 notre seule discr\u00e9tion, de modifier ou de remplacer ces conditions \u00e0 tout moment. Si une r\u00e9vision est importante, nous nous efforcerons de fournir un pr\u00e9avis d&rsquo;au moins 30 jours avant l&rsquo;entr\u00e9e en vigueur des nouvelles conditions. La d\u00e9finition de ce qui constitue une modification substantielle est laiss\u00e9e \u00e0 notre seule discr\u00e9tion. En continuant \u00e0 acc\u00e9der \u00e0 notre service ou \u00e0 l&rsquo;utiliser apr\u00e8s l&rsquo;entr\u00e9e en vigueur de ces r\u00e9visions, vous acceptez d&rsquo;\u00eatre li\u00e9 par les conditions r\u00e9vis\u00e9es. Si vous n&rsquo;acceptez pas les nouvelles conditions, veuillez cesser d&rsquo;utiliser ce service. Contactez-nous si vous avez des questions concernant ces conditions.     <\/p>\n\n<p><\/p>\n\n<p><strong>Liens vers d&rsquo;autres sites web<\/strong><\/p>\n\n<p>Notre service peut contenir des liens vers des sites Web ou des services de tiers qui ne sont pas d\u00e9tenus ou contr\u00f4l\u00e9s par Aquabrass Inc. Aquabrass Inc. n&rsquo;a aucun contr\u00f4le sur le contenu, les politiques de confidentialit\u00e9 ou les pratiques des sites Web ou services de tierces parties, et n&rsquo;en assume aucune responsabilit\u00e9. En outre, vous reconnaissez et acceptez que Aquabrass Inc. ne soit pas responsable, directement ou indirectement, de tout dommage ou perte caus\u00e9 ou pr\u00e9tendument caus\u00e9 par ou en relation avec l&rsquo;utilisation ou la confiance en un tel contenu, biens ou services disponibles sur ou par l&rsquo;interm\u00e9diaire de tels sites web ou services. Nous vous conseillons vivement de lire les conditions g\u00e9n\u00e9rales et les politiques de confidentialit\u00e9 des sites web ou services de tiers que vous visitez.   <\/p>\n\n<p><\/p>\n\n<p>Aquabrass<br\/>9805 Clark St.<br\/>Montr\u00e9al Qc H3L 2R5<\/p>\n","protected":false},"excerpt":{"rendered":"<p>Conditions de service (\u00ab\u00a0Conditions\u00a0\u00bb) Derni\u00e8re mise \u00e0 jour : 2016-12-01 Veuillez lire attentivement les pr\u00e9sentes conditions d&rsquo;utilisation (\u00ab\u00a0conditions\u00a0\u00bb, \u00ab\u00a0conditions d&rsquo;utilisation\u00a0\u00bb) avant d&rsquo;utiliser le site web http:\/\/aquabrass.com (le \u00ab\u00a0service\u00a0\u00bb) exploit\u00e9 par Aquabrass Inc. Votre acc\u00e8s et votre utilisation du Service sont conditionn\u00e9s par votre acceptation et votre respect des pr\u00e9sentes Conditions. Ces conditions s&rsquo;appliquent \u00e0 tous [&hellip;]<\/p>\n","protected":false},"author":1,"featured_media":0,"parent":0,"menu_order":0,"comment_status":"closed","ping_status":"closed","template":"","meta":{"_acf_changed":false,"inline_featured_image":false,"footnotes":""},"class_list":["post-727","page","type-page","status-publish","hentry"],"acf":[],"yoast_head":"<!-- This site is optimized with the Yoast SEO plugin v24.2 - https:\/\/yoast.com\/wordpress\/plugins\/seo\/ -->\n<title>Politique de confidentialit\u00e9 - Aquabrass Xpress<\/title>\n<meta name=\"robots\" content=\"index, follow, max-snippet:-1, max-image-preview:large, max-video-preview:-1\" \/>\n<link rel=\"canonical\" href=\"https:\/\/aquabrassxpress.com\/fr\/politique-de-confidentialite\/\" \/>\n<meta property=\"og:locale\" content=\"fr_CA\" \/>\n<meta property=\"og:type\" content=\"article\" \/>\n<meta property=\"og:title\" content=\"Politique de confidentialit\u00e9 - Aquabrass Xpress\" \/>\n<meta property=\"og:description\" content=\"Conditions de service (\u00ab\u00a0Conditions\u00a0\u00bb) Derni\u00e8re mise \u00e0 jour : 2016-12-01 Veuillez lire attentivement les pr\u00e9sentes conditions d&rsquo;utilisation (\u00ab\u00a0conditions\u00a0\u00bb, \u00ab\u00a0conditions d&rsquo;utilisation\u00a0\u00bb) avant d&rsquo;utiliser le site web http:\/\/aquabrass.com (le \u00ab\u00a0service\u00a0\u00bb) exploit\u00e9 par Aquabrass Inc. Votre acc\u00e8s et votre utilisation du Service sont conditionn\u00e9s par votre acceptation et votre respect des pr\u00e9sentes Conditions. Ces conditions s&rsquo;appliquent \u00e0 tous [&hellip;]\" \/>\n<meta property=\"og:url\" content=\"https:\/\/aquabrassxpress.com\/fr\/politique-de-confidentialite\/\" \/>\n<meta property=\"og:site_name\" content=\"Aquabrass Xpress\" \/>\n<meta property=\"article:modified_time\" content=\"2024-10-18T14:26:44+00:00\" \/>\n<meta name=\"twitter:card\" content=\"summary_large_image\" \/>\n<meta name=\"twitter:label1\" content=\"Est. reading time\" \/>\n\t<meta name=\"twitter:data1\" content=\"3 minutes\" \/>\n<script type=\"application\/ld+json\" class=\"yoast-schema-graph\">{\"@context\":\"https:\/\/schema.org\",\"@graph\":[{\"@type\":\"WebPage\",\"@id\":\"https:\/\/aquabrassxpress.com\/fr\/politique-de-confidentialite\/\",\"url\":\"https:\/\/aquabrassxpress.com\/fr\/politique-de-confidentialite\/\",\"name\":\"Politique de confidentialit\u00e9 - Aquabrass Xpress\",\"isPartOf\":{\"@id\":\"https:\/\/aquabrassxpress.com\/fr\/#website\"},\"datePublished\":\"2024-09-03T14:47:42+00:00\",\"dateModified\":\"2024-10-18T14:26:44+00:00\",\"breadcrumb\":{\"@id\":\"https:\/\/aquabrassxpress.com\/fr\/politique-de-confidentialite\/#breadcrumb\"},\"inLanguage\":\"fr-CA\",\"potentialAction\":[{\"@type\":\"ReadAction\",\"target\":[\"https:\/\/aquabrassxpress.com\/fr\/politique-de-confidentialite\/\"]}]},{\"@type\":\"BreadcrumbList\",\"@id\":\"https:\/\/aquabrassxpress.com\/fr\/politique-de-confidentialite\/#breadcrumb\",\"itemListElement\":[{\"@type\":\"ListItem\",\"position\":1,\"name\":\"Home\",\"item\":\"https:\/\/aquabrassxpress.com\/fr\/\"},{\"@type\":\"ListItem\",\"position\":2,\"name\":\"Politique de confidentialit\u00e9\"}]},{\"@type\":\"WebSite\",\"@id\":\"https:\/\/aquabrassxpress.com\/fr\/#website\",\"url\":\"https:\/\/aquabrassxpress.com\/fr\/\",\"name\":\"Aquabrass Xpress\",\"description\":\"\",\"publisher\":{\"@id\":\"https:\/\/aquabrassxpress.com\/fr\/#organization\"},\"potentialAction\":[{\"@type\":\"SearchAction\",\"target\":{\"@type\":\"EntryPoint\",\"urlTemplate\":\"https:\/\/aquabrassxpress.com\/fr\/?s={search_term_string}\"},\"query-input\":{\"@type\":\"PropertyValueSpecification\",\"valueRequired\":true,\"valueName\":\"search_term_string\"}}],\"inLanguage\":\"fr-CA\"},{\"@type\":\"Organization\",\"@id\":\"https:\/\/aquabrassxpress.com\/fr\/#organization\",\"name\":\"Aquabrass Xpress\",\"url\":\"https:\/\/aquabrassxpress.com\/fr\/\",\"logo\":{\"@type\":\"ImageObject\",\"inLanguage\":\"fr-CA\",\"@id\":\"https:\/\/aquabrassxpress.com\/fr\/#\/schema\/logo\/image\/\",\"url\":\"https:\/\/aquabrassxpress.com\/wp-content\/uploads\/2024\/09\/logo.svg\",\"contentUrl\":\"https:\/\/aquabrassxpress.com\/wp-content\/uploads\/2024\/09\/logo.svg\",\"width\":197,\"height\":36,\"caption\":\"Aquabrass Xpress\"},\"image\":{\"@id\":\"https:\/\/aquabrassxpress.com\/fr\/#\/schema\/logo\/image\/\"}}]}<\/script>\n<!-- \/ Yoast SEO plugin. -->","yoast_head_json":{"title":"Politique de confidentialit\u00e9 - Aquabrass Xpress","robots":{"index":"index","follow":"follow","max-snippet":"max-snippet:-1","max-image-preview":"max-image-preview:large","max-video-preview":"max-video-preview:-1"},"canonical":"https:\/\/aquabrassxpress.com\/fr\/politique-de-confidentialite\/","og_locale":"fr_CA","og_type":"article","og_title":"Politique de confidentialit\u00e9 - Aquabrass Xpress","og_description":"Conditions de service (\u00ab\u00a0Conditions\u00a0\u00bb) Derni\u00e8re mise \u00e0 jour : 2016-12-01 Veuillez lire attentivement les pr\u00e9sentes conditions d&rsquo;utilisation (\u00ab\u00a0conditions\u00a0\u00bb, \u00ab\u00a0conditions d&rsquo;utilisation\u00a0\u00bb) avant d&rsquo;utiliser le site web http:\/\/aquabrass.com (le \u00ab\u00a0service\u00a0\u00bb) exploit\u00e9 par Aquabrass Inc. Votre acc\u00e8s et votre utilisation du Service sont conditionn\u00e9s par votre acceptation et votre respect des pr\u00e9sentes Conditions. Ces conditions s&rsquo;appliquent \u00e0 tous [&hellip;]","og_url":"https:\/\/aquabrassxpress.com\/fr\/politique-de-confidentialite\/","og_site_name":"Aquabrass Xpress","article_modified_time":"2024-10-18T14:26:44+00:00","twitter_card":"summary_large_image","twitter_misc":{"Est. reading time":"3 minutes"},"schema":{"@context":"https:\/\/schema.org","@graph":[{"@type":"WebPage","@id":"https:\/\/aquabrassxpress.com\/fr\/politique-de-confidentialite\/","url":"https:\/\/aquabrassxpress.com\/fr\/politique-de-confidentialite\/","name":"Politique de confidentialit\u00e9 - Aquabrass Xpress","isPartOf":{"@id":"https:\/\/aquabrassxpress.com\/fr\/#website"},"datePublished":"2024-09-03T14:47:42+00:00","dateModified":"2024-10-18T14:26:44+00:00","breadcrumb":{"@id":"https:\/\/aquabrassxpress.com\/fr\/politique-de-confidentialite\/#breadcrumb"},"inLanguage":"fr-CA","potentialAction":[{"@type":"ReadAction","target":["https:\/\/aquabrassxpress.com\/fr\/politique-de-confidentialite\/"]}]},{"@type":"BreadcrumbList","@id":"https:\/\/aquabrassxpress.com\/fr\/politique-de-confidentialite\/#breadcrumb","itemListElement":[{"@type":"ListItem","position":1,"name":"Home","item":"https:\/\/aquabrassxpress.com\/fr\/"},{"@type":"ListItem","position":2,"name":"Politique de confidentialit\u00e9"}]},{"@type":"WebSite","@id":"https:\/\/aquabrassxpress.com\/fr\/#website","url":"https:\/\/aquabrassxpress.com\/fr\/","name":"Aquabrass Xpress","description":"","publisher":{"@id":"https:\/\/aquabrassxpress.com\/fr\/#organization"},"potentialAction":[{"@type":"SearchAction","target":{"@type":"EntryPoint","urlTemplate":"https:\/\/aquabrassxpress.com\/fr\/?s={search_term_string}"},"query-input":{"@type":"PropertyValueSpecification","valueRequired":true,"valueName":"search_term_string"}}],"inLanguage":"fr-CA"},{"@type":"Organization","@id":"https:\/\/aquabrassxpress.com\/fr\/#organization","name":"Aquabrass Xpress","url":"https:\/\/aquabrassxpress.com\/fr\/","logo":{"@type":"ImageObject","inLanguage":"fr-CA","@id":"https:\/\/aquabrassxpress.com\/fr\/#\/schema\/logo\/image\/","url":"https:\/\/aquabrassxpress.com\/wp-content\/uploads\/2024\/09\/logo.svg","contentUrl":"https:\/\/aquabrassxpress.com\/wp-content\/uploads\/2024\/09\/logo.svg","width":197,"height":36,"caption":"Aquabrass Xpress"},"image":{"@id":"https:\/\/aquabrassxpress.com\/fr\/#\/schema\/logo\/image\/"}}]}},"_links":{"self":[{"href":"https:\/\/aquabrassxpress.com\/fr\/wp-json\/wp\/v2\/pages\/727","targetHints":{"allow":["GET"]}}],"collection":[{"href":"https:\/\/aquabrassxpress.com\/fr\/wp-json\/wp\/v2\/pages"}],"about":[{"href":"https:\/\/aquabrassxpress.com\/fr\/wp-json\/wp\/v2\/types\/page"}],"author":[{"embeddable":true,"href":"https:\/\/aquabrassxpress.com\/fr\/wp-json\/wp\/v2\/users\/1"}],"replies":[{"embeddable":true,"href":"https:\/\/aquabrassxpress.com\/fr\/wp-json\/wp\/v2\/comments?post=727"}],"version-history":[{"count":1,"href":"https:\/\/aquabrassxpress.com\/fr\/wp-json\/wp\/v2\/pages\/727\/revisions"}],"predecessor-version":[{"id":728,"href":"https:\/\/aquabrassxpress.com\/fr\/wp-json\/wp\/v2\/pages\/727\/revisions\/728"}],"wp:attachment":[{"href":"https:\/\/aquabrassxpress.com\/fr\/wp-json\/wp\/v2\/media?parent=727"}],"curies":[{"name":"wp","href":"https:\/\/api.w.org\/{rel}","templated":true}]}}