{"id":733,"date":"2024-09-17T09:12:47","date_gmt":"2024-09-17T09:12:47","guid":{"rendered":"http:\/\/aquabrassxpress.com\/support\/"},"modified":"2026-02-20T14:59:16","modified_gmt":"2026-02-20T14:59:16","slug":"soutien","status":"publish","type":"page","link":"https:\/\/aquabrassxpress.com\/fr\/soutien\/","title":{"rendered":"Soutien"},"content":{"rendered":"\n<h1 class=\"wp-block-heading has-text-align-center\">Vous avez besoin d\u2019assistance ? Nous pouvons vous aider.<\/h1>\n\n\n\n<p class=\"has-text-align-center\">Faites-nous conna\u00eetre votre probl\u00e8me en remplissant le formulaire ci-bas. Nous vous contacterons dans les plus brefs d\u00e9lais.<\/p>\n\n\n\n<iframe loading=\"lazy\" src=\"https:\/\/adwaters.odoo.com\/fr_CA\/support_request_aqua_brass\" width=\"100%\" height=\"1600\" frameborder=\"0\"><\/iframe>\n\n                <p>\n                    En communiquant mon num\u00e9ro de t\u00e9l\u00e9phone \u00e0 AD Waters, j\u2019accepte qu\u2019AD Waters m\u2019envoie des SMS \u00e0 des fins d\u2019assistance technique. Des frais de messagerie et de donn\u00e9es peuvent s\u2019appliquer. La fr\u00e9quence des messages est variable et vous pouvez vous d\u00e9sabonner en r\u00e9pondant \u00ab\u00a0STOP\u00a0\u00bb. Pour plus d\u2019informations sur le traitement de vos donn\u00e9es, veuillez consulter notre Politique de confidentialit\u00e9 mobile ci-dessous.                    <p>\n                <\/p>\n                <p>\n                    Politique de confidentialit\u00e9 mobile: Aucune information mobile ne sera partag\u00e9e avec des tiers \u00e0 des fins de marketing ou de promotion. Les donn\u00e9es relatives \u00e0 l\u2019opt-out et au consentement de l\u2019exp\u00e9diteur des SMS ne sont pas partag\u00e9es avec des tiers.\n                <\/p>\n\n<p><\/p>\n","protected":false},"excerpt":{"rendered":"<p>Vous avez besoin d\u2019assistance ? Nous pouvons vous aider. Faites-nous conna\u00eetre votre probl\u00e8me en remplissant le formulaire ci-bas. Nous vous contacterons dans les plus brefs d\u00e9lais. En communiquant mon num\u00e9ro de t\u00e9l\u00e9phone \u00e0 AD Waters, j\u2019accepte qu\u2019AD Waters m\u2019envoie des SMS \u00e0 des fins d\u2019assistance technique. Des frais de messagerie et de donn\u00e9es peuvent s\u2019appliquer. [&hellip;]<\/p>\n","protected":false},"author":1,"featured_media":0,"parent":0,"menu_order":0,"comment_status":"closed","ping_status":"closed","template":"","meta":{"_acf_changed":false,"inline_featured_image":false,"footnotes":""},"class_list":["post-733","page","type-page","status-publish","hentry"],"acf":[],"yoast_head":"<!-- This site is optimized with the Yoast SEO plugin v24.2 - https:\/\/yoast.com\/wordpress\/plugins\/seo\/ -->\n<title>Soutien - Aquabrass Xpress<\/title>\n<meta name=\"robots\" content=\"index, follow, max-snippet:-1, max-image-preview:large, max-video-preview:-1\" \/>\n<link rel=\"canonical\" href=\"https:\/\/aquabrassxpress.com\/fr\/soutien\/\" \/>\n<meta property=\"og:locale\" content=\"fr_CA\" \/>\n<meta property=\"og:type\" content=\"article\" \/>\n<meta property=\"og:title\" content=\"Soutien - Aquabrass Xpress\" \/>\n<meta property=\"og:description\" content=\"Vous avez besoin d\u2019assistance ? Nous pouvons vous aider. Faites-nous conna\u00eetre votre probl\u00e8me en remplissant le formulaire ci-bas. Nous vous contacterons dans les plus brefs d\u00e9lais. En communiquant mon num\u00e9ro de t\u00e9l\u00e9phone \u00e0 AD Waters, j\u2019accepte qu\u2019AD Waters m\u2019envoie des SMS \u00e0 des fins d\u2019assistance technique. Des frais de messagerie et de donn\u00e9es peuvent s\u2019appliquer. [&hellip;]\" \/>\n<meta property=\"og:url\" content=\"https:\/\/aquabrassxpress.com\/fr\/soutien\/\" \/>\n<meta property=\"og:site_name\" content=\"Aquabrass Xpress\" \/>\n<meta property=\"article:modified_time\" content=\"2026-02-20T14:59:16+00:00\" \/>\n<meta name=\"twitter:card\" content=\"summary_large_image\" \/>\n<meta name=\"twitter:label1\" content=\"Est. reading time\" \/>\n\t<meta name=\"twitter:data1\" content=\"1 minute\" \/>\n<script type=\"application\/ld+json\" class=\"yoast-schema-graph\">{\"@context\":\"https:\/\/schema.org\",\"@graph\":[{\"@type\":\"WebPage\",\"@id\":\"https:\/\/aquabrassxpress.com\/fr\/soutien\/\",\"url\":\"https:\/\/aquabrassxpress.com\/fr\/soutien\/\",\"name\":\"Soutien - Aquabrass Xpress\",\"isPartOf\":{\"@id\":\"https:\/\/aquabrassxpress.com\/fr\/#website\"},\"datePublished\":\"2024-09-17T09:12:47+00:00\",\"dateModified\":\"2026-02-20T14:59:16+00:00\",\"breadcrumb\":{\"@id\":\"https:\/\/aquabrassxpress.com\/fr\/soutien\/#breadcrumb\"},\"inLanguage\":\"fr-CA\",\"potentialAction\":[{\"@type\":\"ReadAction\",\"target\":[\"https:\/\/aquabrassxpress.com\/fr\/soutien\/\"]}]},{\"@type\":\"BreadcrumbList\",\"@id\":\"https:\/\/aquabrassxpress.com\/fr\/soutien\/#breadcrumb\",\"itemListElement\":[{\"@type\":\"ListItem\",\"position\":1,\"name\":\"Home\",\"item\":\"https:\/\/aquabrassxpress.com\/fr\/\"},{\"@type\":\"ListItem\",\"position\":2,\"name\":\"Soutien\"}]},{\"@type\":\"WebSite\",\"@id\":\"https:\/\/aquabrassxpress.com\/fr\/#website\",\"url\":\"https:\/\/aquabrassxpress.com\/fr\/\",\"name\":\"Aquabrass Xpress\",\"description\":\"\",\"publisher\":{\"@id\":\"https:\/\/aquabrassxpress.com\/fr\/#organization\"},\"potentialAction\":[{\"@type\":\"SearchAction\",\"target\":{\"@type\":\"EntryPoint\",\"urlTemplate\":\"https:\/\/aquabrassxpress.com\/fr\/?s={search_term_string}\"},\"query-input\":{\"@type\":\"PropertyValueSpecification\",\"valueRequired\":true,\"valueName\":\"search_term_string\"}}],\"inLanguage\":\"fr-CA\"},{\"@type\":\"Organization\",\"@id\":\"https:\/\/aquabrassxpress.com\/fr\/#organization\",\"name\":\"Aquabrass Xpress\",\"url\":\"https:\/\/aquabrassxpress.com\/fr\/\",\"logo\":{\"@type\":\"ImageObject\",\"inLanguage\":\"fr-CA\",\"@id\":\"https:\/\/aquabrassxpress.com\/fr\/#\/schema\/logo\/image\/\",\"url\":\"https:\/\/aquabrassxpress.com\/wp-content\/uploads\/2024\/09\/logo.svg\",\"contentUrl\":\"https:\/\/aquabrassxpress.com\/wp-content\/uploads\/2024\/09\/logo.svg\",\"width\":197,\"height\":36,\"caption\":\"Aquabrass Xpress\"},\"image\":{\"@id\":\"https:\/\/aquabrassxpress.com\/fr\/#\/schema\/logo\/image\/\"}}]}<\/script>\n<!-- \/ Yoast SEO plugin. -->","yoast_head_json":{"title":"Soutien - Aquabrass Xpress","robots":{"index":"index","follow":"follow","max-snippet":"max-snippet:-1","max-image-preview":"max-image-preview:large","max-video-preview":"max-video-preview:-1"},"canonical":"https:\/\/aquabrassxpress.com\/fr\/soutien\/","og_locale":"fr_CA","og_type":"article","og_title":"Soutien - Aquabrass Xpress","og_description":"Vous avez besoin d\u2019assistance ? Nous pouvons vous aider. Faites-nous conna\u00eetre votre probl\u00e8me en remplissant le formulaire ci-bas. Nous vous contacterons dans les plus brefs d\u00e9lais. En communiquant mon num\u00e9ro de t\u00e9l\u00e9phone \u00e0 AD Waters, j\u2019accepte qu\u2019AD Waters m\u2019envoie des SMS \u00e0 des fins d\u2019assistance technique. Des frais de messagerie et de donn\u00e9es peuvent s\u2019appliquer. [&hellip;]","og_url":"https:\/\/aquabrassxpress.com\/fr\/soutien\/","og_site_name":"Aquabrass Xpress","article_modified_time":"2026-02-20T14:59:16+00:00","twitter_card":"summary_large_image","twitter_misc":{"Est. reading time":"1 minute"},"schema":{"@context":"https:\/\/schema.org","@graph":[{"@type":"WebPage","@id":"https:\/\/aquabrassxpress.com\/fr\/soutien\/","url":"https:\/\/aquabrassxpress.com\/fr\/soutien\/","name":"Soutien - Aquabrass Xpress","isPartOf":{"@id":"https:\/\/aquabrassxpress.com\/fr\/#website"},"datePublished":"2024-09-17T09:12:47+00:00","dateModified":"2026-02-20T14:59:16+00:00","breadcrumb":{"@id":"https:\/\/aquabrassxpress.com\/fr\/soutien\/#breadcrumb"},"inLanguage":"fr-CA","potentialAction":[{"@type":"ReadAction","target":["https:\/\/aquabrassxpress.com\/fr\/soutien\/"]}]},{"@type":"BreadcrumbList","@id":"https:\/\/aquabrassxpress.com\/fr\/soutien\/#breadcrumb","itemListElement":[{"@type":"ListItem","position":1,"name":"Home","item":"https:\/\/aquabrassxpress.com\/fr\/"},{"@type":"ListItem","position":2,"name":"Soutien"}]},{"@type":"WebSite","@id":"https:\/\/aquabrassxpress.com\/fr\/#website","url":"https:\/\/aquabrassxpress.com\/fr\/","name":"Aquabrass Xpress","description":"","publisher":{"@id":"https:\/\/aquabrassxpress.com\/fr\/#organization"},"potentialAction":[{"@type":"SearchAction","target":{"@type":"EntryPoint","urlTemplate":"https:\/\/aquabrassxpress.com\/fr\/?s={search_term_string}"},"query-input":{"@type":"PropertyValueSpecification","valueRequired":true,"valueName":"search_term_string"}}],"inLanguage":"fr-CA"},{"@type":"Organization","@id":"https:\/\/aquabrassxpress.com\/fr\/#organization","name":"Aquabrass Xpress","url":"https:\/\/aquabrassxpress.com\/fr\/","logo":{"@type":"ImageObject","inLanguage":"fr-CA","@id":"https:\/\/aquabrassxpress.com\/fr\/#\/schema\/logo\/image\/","url":"https:\/\/aquabrassxpress.com\/wp-content\/uploads\/2024\/09\/logo.svg","contentUrl":"https:\/\/aquabrassxpress.com\/wp-content\/uploads\/2024\/09\/logo.svg","width":197,"height":36,"caption":"Aquabrass Xpress"},"image":{"@id":"https:\/\/aquabrassxpress.com\/fr\/#\/schema\/logo\/image\/"}}]}},"_links":{"self":[{"href":"https:\/\/aquabrassxpress.com\/fr\/wp-json\/wp\/v2\/pages\/733","targetHints":{"allow":["GET"]}}],"collection":[{"href":"https:\/\/aquabrassxpress.com\/fr\/wp-json\/wp\/v2\/pages"}],"about":[{"href":"https:\/\/aquabrassxpress.com\/fr\/wp-json\/wp\/v2\/types\/page"}],"author":[{"embeddable":true,"href":"https:\/\/aquabrassxpress.com\/fr\/wp-json\/wp\/v2\/users\/1"}],"replies":[{"embeddable":true,"href":"https:\/\/aquabrassxpress.com\/fr\/wp-json\/wp\/v2\/comments?post=733"}],"version-history":[{"count":5,"href":"https:\/\/aquabrassxpress.com\/fr\/wp-json\/wp\/v2\/pages\/733\/revisions"}],"predecessor-version":[{"id":3424,"href":"https:\/\/aquabrassxpress.com\/fr\/wp-json\/wp\/v2\/pages\/733\/revisions\/3424"}],"wp:attachment":[{"href":"https:\/\/aquabrassxpress.com\/fr\/wp-json\/wp\/v2\/media?parent=733"}],"curies":[{"name":"wp","href":"https:\/\/api.w.org\/{rel}","templated":true}]}}