{"id":790,"date":"2024-09-19T15:36:54","date_gmt":"2024-09-19T15:36:54","guid":{"rendered":"http:\/\/aquabrassxpress.com\/?page_id=790"},"modified":"2024-10-22T08:26:34","modified_gmt":"2024-10-22T08:26:34","slug":"garantie","status":"publish","type":"page","link":"https:\/\/aquabrassxpress.com\/fr\/garantie\/","title":{"rendered":"Garantie"},"content":{"rendered":"\n<h1 class=\"wp-block-heading\">Garantie<\/h1>\n\n\n\n<p>Aquabrass XPress offre une garantie contre les d\u00e9fauts de mat\u00e9riel et de main d\u2019\u0153uvre dans des conditions normales d\u2019utilisation et d\u2019entretien du produit, et ce tant que l\u2019acheteur d\u2019origine est propri\u00e9taire de sa maison. La garantie est applicable seulement si le produit est achet\u00e9 chez un d\u00e9taillant Aquabrass XPress d\u00fbment autoris\u00e9. Elle n\u2019est pas transf\u00e9rable et est limit\u00e9e aux produits vendus et install\u00e9s au Canada et aux \u00c9tats-Unis.<\/p>\n\n\n\n<p>NOTRE GARANTIE POUR DES APPLICATIONS R\u00c9SIDENTIELLES<\/p>\n\n\n\n<ul style=\"padding-left:var(--wp--preset--spacing--5)\" class=\"wp-block-list\">\n<li>Garantie limit\u00e9e \u00e0 vie pour les cartouches en c\u00e9ramique.<\/li>\n\n\n\n<li>Garantie de cinq (5) ans pour tous les autres types de cartouches (cartouches thermostatiques, d\u00e9viateur, valves d\u2019arr\u00eat, etc.).<\/li>\n\n\n\n<li>Garantie limit\u00e9e \u00e0 vie pour les finis suivants: chrome poli, acier inoxydable, electro black (EBK) et PVD.<\/li>\n\n\n\n<li>Garantie de trois (3) ans pour tous les autres finis.<\/li>\n\n\n\n<li>Garantie de deux (2) ans pour la robinetterie \u00e9lectronique et ses composants (les piles ne sont pas couvertes par notre garantie).<\/li>\n\n\n\n<li>Garantie de cinq (5) ans pour tous les autres produits ou pi\u00e8ces Aquabrass XPress.<\/li>\n<\/ul>\n\n\n\n<p><strong>POUR LES ACHETEURS COMMERCIAUX<\/strong>, les m\u00eames conditions s\u2019appliquent mais la garantie est limit\u00e9e \u00e0 cinq (5) ans pour les applications r\u00e9sidentielles multifamiliales, et \u00e0 deux (2) ans pour toutes les applications commerciales ou industrielles, dans chaque cas \u00e0 compter de la date d\u2019achat initiale. Aux fins de la pr\u00e9sente garantie, le terme \u00ab application r\u00e9sidentielle multifamiliale \u00bb d\u00e9signe un produit Aquabrass XPress obtenu aupr\u00e8s d\u2019un vendeur Aquabrass XPress autoris\u00e9; par un acheteur qui poss\u00e8de mais ne vit pas dans le logement r\u00e9sidentiel o\u00f9 le produit est initialement install\u00e9 tel qu\u2019une unit\u00e9 individuelle lou\u00e9e, ou une habitation \u00e0 logements multiples (duplex ou maison en rang\u00e9e), un condominium, un immeuble d\u2019appartements ou un centre de vie communautaire. \u201cLes locaux industriels, institutionnels ainsi que les autres locaux commerciaux\u201d tel que: h\u00f4tellerie, a\u00e9roports, \u00e9tablissements d\u2019enseignement, dortoirs, \u00e9tablissements de soins de sant\u00e9 \u00e0 long ou \u00e0 court terme, espaces publics ou les espaces communs &#8211; sont soumis \u00e0 la garantie de 2 ans.<\/p>\n\n\n\n<p><strong>NOTRE GARANTIE SUR LES FINIS<\/strong><\/p>\n\n\n\n<p>Les finis chrome poli, acier inoxydable et PVD ont une garantie limit\u00e9e \u00e0 vie contre les d\u00e9fauts. Tous les autres finis sont garantis trois (3) ans. Les finis appliqu\u00e9s sur les drains et l\u2019usure normale d\u2019un fini ne sont pas couverts par cette garantie. L\u2019usure normale est la d\u00e9t\u00e9rioration naturelle d\u2019un produit r\u00e9sultant de son utilisation au fil du temps. Il est fortement recommand\u00e9 de lire attentivement les instructions sur l\u2019entretien des produits et des finis Aquabrass XPress ou de consulter le site Aquabrass.com\/fr\/finitions-personnalis\u00e9es.<\/p>\n\n\n\n<p><strong>NOTRE ENGAGEMENT<\/strong><br>Nous nous engageons \u00e0 r\u00e9parer ou \u00e0 remplacer sans frais pendant les p\u00e9riodes de garantie applicables list\u00e9es, tout produit, pi\u00e8ce ou fini s\u2019av\u00e9rant d\u00e9fectueux d\u2019un vice de mat\u00e9riel ou de fabrication dans des conditions normales d\u2019utilisation et d\u2019entretien. Les pi\u00e8ces de remplacement pour des produits discontinu\u00e9s, sous garantie ou non, seront disponibles et ce jusqu\u2019\u00e0 \u00e9puisement des stocks. Pendant les p\u00e9riodes de garantie applicables, si le produit, la pi\u00e8ce ou le fini requis ne sont plus disponibles, une \u00e9quivalence sera sugg\u00e9r\u00e9e et fournie sans frais.<\/p>\n\n\n\n<p><strong>NOS EXCLUSIONS DE GARANTIE<\/strong><\/p>\n\n\n\n<ul style=\"padding-left:var(--wp--preset--spacing--5)\" class=\"wp-block-list\">\n<li>Les dommages caus\u00e9s par une erreur d\u2019installation, de n\u00e9gligence et d\u2019un mauvais usage de produit.<\/li>\n\n\n\n<li>Les dommages de surface caus\u00e9s par l\u2019utilisation de produits abrasifs, comme des d\u00e9tergents.<\/li>\n\n\n\n<li>La corrosion r\u00e9sultant d\u2019une exposition d\u2019un produit chimiquement r\u00e9actif, comme le chlore.<\/li>\n\n\n\n<li>Les dommages caus\u00e9s par l\u2019eau dure, les d\u00e9p\u00f4ts de calcaire ou les s\u00e9diments.<\/li>\n\n\n\n<li>Les dommages ou les pertes r\u00e9sultant d\u2019une catastrophe naturelle telle qu\u2019un feu, un tremblement de terre, un orage \u00e9lectrique etc.<\/li>\n\n\n\n<li>L\u2019installation de tout produit Aquabrass XPress par un professionnel non-agr\u00e9\u00e9.<\/li>\n<\/ul>\n\n\n\n<p>Tout frais de main d\u2019\u0153uvre ou de transport, ou dommages caus\u00e9s en totalit\u00e9 ou en partie lors de l\u2019installation du produit, de son retrait, de sa r\u00e9installation, de sa r\u00e9paration, ainsi que tout dommage occasionnel ou cons\u00e9quent, d\u00e9pense, perte directe ou indirecte, provenant de quelque cause que ce soit.<\/p>\n\n\n\n<p><strong>COMMENT EXERCER NOTRE GARANTIE<\/strong><\/p>\n\n\n\n<p>Pour toute demande de garantie, une preuve d\u2019achat (copie de la facture) doit \u00eatre envoy\u00e9e \u00e0 notre centre de distribution. La complexit\u00e9 du d\u00e9faut du produit pourrait entra\u00eener une inspection avant l\u2019approbation de la r\u00e9clamation de la garantie<\/p>\n\n\n\n<p>Centre de distribution pour l\u2019Am\u00e9rique du Nord (Canada et \u00c9.U.):<\/p>\n\n\n\n<p>AD-WATERS<br>Centre de service technique<br>9805 rue Clark<br>Montr\u00e9al, Qu\u00e9bec H3L 2R5<\/p>\n\n\n\n<p class=\"has-link-color wp-elements-fcde072e4d4f7b77aa56ac6d15d8599b\">1 888 239-9336<br><a href=\"mailto:tech@ad-waters.com\">tech@ad-waters.com<\/a><\/p>\n\n\n\n<p class=\"has-link-color wp-elements-2f86e880625c573d0cf51046f0182d32\">Pour les demandes internationales: <a href=\"mailto:communications@Aquabrass.com\">communications@Aquabrass.com<\/a><\/p>\n\n\n\n<p>Aquabrass XPress se r\u00e9serve le droit de modifier des caract\u00e9ristiques de ses produits sans avis ni obligation ainsi que de remplacer ou de retirer certains mod\u00e8les.<\/p>\n","protected":false},"excerpt":{"rendered":"<p>Garantie Aquabrass XPress offre une garantie contre les d\u00e9fauts de mat\u00e9riel et de main d\u2019\u0153uvre dans des conditions normales d\u2019utilisation et d\u2019entretien du produit, et ce tant que l\u2019acheteur d\u2019origine est propri\u00e9taire de sa maison. La garantie est applicable seulement si le produit est achet\u00e9 chez un d\u00e9taillant Aquabrass XPress d\u00fbment autoris\u00e9. Elle n\u2019est pas [&hellip;]<\/p>\n","protected":false},"author":1,"featured_media":0,"parent":0,"menu_order":0,"comment_status":"closed","ping_status":"closed","template":"","meta":{"_acf_changed":false,"inline_featured_image":false,"footnotes":""},"class_list":["post-790","page","type-page","status-publish","hentry"],"acf":[],"yoast_head":"<!-- This site is optimized with the Yoast SEO plugin v24.2 - https:\/\/yoast.com\/wordpress\/plugins\/seo\/ -->\n<title>Garantie - Aquabrass Xpress<\/title>\n<meta name=\"robots\" content=\"index, follow, max-snippet:-1, max-image-preview:large, max-video-preview:-1\" \/>\n<link rel=\"canonical\" href=\"https:\/\/aquabrassxpress.com\/fr\/garantie\/\" \/>\n<meta property=\"og:locale\" content=\"fr_CA\" \/>\n<meta property=\"og:type\" content=\"article\" \/>\n<meta property=\"og:title\" content=\"Garantie - Aquabrass Xpress\" \/>\n<meta property=\"og:description\" content=\"Garantie Aquabrass XPress offre une garantie contre les d\u00e9fauts de mat\u00e9riel et de main d\u2019\u0153uvre dans des conditions normales d\u2019utilisation et d\u2019entretien du produit, et ce tant que l\u2019acheteur d\u2019origine est propri\u00e9taire de sa maison. La garantie est applicable seulement si le produit est achet\u00e9 chez un d\u00e9taillant Aquabrass XPress d\u00fbment autoris\u00e9. Elle n\u2019est pas [&hellip;]\" \/>\n<meta property=\"og:url\" content=\"https:\/\/aquabrassxpress.com\/fr\/garantie\/\" \/>\n<meta property=\"og:site_name\" content=\"Aquabrass Xpress\" \/>\n<meta property=\"article:modified_time\" content=\"2024-10-22T08:26:34+00:00\" \/>\n<meta name=\"twitter:card\" content=\"summary_large_image\" \/>\n<meta name=\"twitter:label1\" content=\"Est. reading time\" \/>\n\t<meta name=\"twitter:data1\" content=\"4 minutes\" \/>\n<script type=\"application\/ld+json\" class=\"yoast-schema-graph\">{\"@context\":\"https:\/\/schema.org\",\"@graph\":[{\"@type\":\"WebPage\",\"@id\":\"https:\/\/aquabrassxpress.com\/fr\/garantie\/\",\"url\":\"https:\/\/aquabrassxpress.com\/fr\/garantie\/\",\"name\":\"Garantie - Aquabrass Xpress\",\"isPartOf\":{\"@id\":\"https:\/\/aquabrassxpress.com\/fr\/#website\"},\"datePublished\":\"2024-09-19T15:36:54+00:00\",\"dateModified\":\"2024-10-22T08:26:34+00:00\",\"breadcrumb\":{\"@id\":\"https:\/\/aquabrassxpress.com\/fr\/garantie\/#breadcrumb\"},\"inLanguage\":\"fr-CA\",\"potentialAction\":[{\"@type\":\"ReadAction\",\"target\":[\"https:\/\/aquabrassxpress.com\/fr\/garantie\/\"]}]},{\"@type\":\"BreadcrumbList\",\"@id\":\"https:\/\/aquabrassxpress.com\/fr\/garantie\/#breadcrumb\",\"itemListElement\":[{\"@type\":\"ListItem\",\"position\":1,\"name\":\"Home\",\"item\":\"https:\/\/aquabrassxpress.com\/fr\/\"},{\"@type\":\"ListItem\",\"position\":2,\"name\":\"Garantie\"}]},{\"@type\":\"WebSite\",\"@id\":\"https:\/\/aquabrassxpress.com\/fr\/#website\",\"url\":\"https:\/\/aquabrassxpress.com\/fr\/\",\"name\":\"Aquabrass Xpress\",\"description\":\"\",\"publisher\":{\"@id\":\"https:\/\/aquabrassxpress.com\/fr\/#organization\"},\"potentialAction\":[{\"@type\":\"SearchAction\",\"target\":{\"@type\":\"EntryPoint\",\"urlTemplate\":\"https:\/\/aquabrassxpress.com\/fr\/?s={search_term_string}\"},\"query-input\":{\"@type\":\"PropertyValueSpecification\",\"valueRequired\":true,\"valueName\":\"search_term_string\"}}],\"inLanguage\":\"fr-CA\"},{\"@type\":\"Organization\",\"@id\":\"https:\/\/aquabrassxpress.com\/fr\/#organization\",\"name\":\"Aquabrass Xpress\",\"url\":\"https:\/\/aquabrassxpress.com\/fr\/\",\"logo\":{\"@type\":\"ImageObject\",\"inLanguage\":\"fr-CA\",\"@id\":\"https:\/\/aquabrassxpress.com\/fr\/#\/schema\/logo\/image\/\",\"url\":\"https:\/\/aquabrassxpress.com\/wp-content\/uploads\/2024\/09\/logo.svg\",\"contentUrl\":\"https:\/\/aquabrassxpress.com\/wp-content\/uploads\/2024\/09\/logo.svg\",\"width\":197,\"height\":36,\"caption\":\"Aquabrass Xpress\"},\"image\":{\"@id\":\"https:\/\/aquabrassxpress.com\/fr\/#\/schema\/logo\/image\/\"}}]}<\/script>\n<!-- \/ Yoast SEO plugin. -->","yoast_head_json":{"title":"Garantie - Aquabrass Xpress","robots":{"index":"index","follow":"follow","max-snippet":"max-snippet:-1","max-image-preview":"max-image-preview:large","max-video-preview":"max-video-preview:-1"},"canonical":"https:\/\/aquabrassxpress.com\/fr\/garantie\/","og_locale":"fr_CA","og_type":"article","og_title":"Garantie - Aquabrass Xpress","og_description":"Garantie Aquabrass XPress offre une garantie contre les d\u00e9fauts de mat\u00e9riel et de main d\u2019\u0153uvre dans des conditions normales d\u2019utilisation et d\u2019entretien du produit, et ce tant que l\u2019acheteur d\u2019origine est propri\u00e9taire de sa maison. La garantie est applicable seulement si le produit est achet\u00e9 chez un d\u00e9taillant Aquabrass XPress d\u00fbment autoris\u00e9. Elle n\u2019est pas [&hellip;]","og_url":"https:\/\/aquabrassxpress.com\/fr\/garantie\/","og_site_name":"Aquabrass Xpress","article_modified_time":"2024-10-22T08:26:34+00:00","twitter_card":"summary_large_image","twitter_misc":{"Est. reading time":"4 minutes"},"schema":{"@context":"https:\/\/schema.org","@graph":[{"@type":"WebPage","@id":"https:\/\/aquabrassxpress.com\/fr\/garantie\/","url":"https:\/\/aquabrassxpress.com\/fr\/garantie\/","name":"Garantie - Aquabrass Xpress","isPartOf":{"@id":"https:\/\/aquabrassxpress.com\/fr\/#website"},"datePublished":"2024-09-19T15:36:54+00:00","dateModified":"2024-10-22T08:26:34+00:00","breadcrumb":{"@id":"https:\/\/aquabrassxpress.com\/fr\/garantie\/#breadcrumb"},"inLanguage":"fr-CA","potentialAction":[{"@type":"ReadAction","target":["https:\/\/aquabrassxpress.com\/fr\/garantie\/"]}]},{"@type":"BreadcrumbList","@id":"https:\/\/aquabrassxpress.com\/fr\/garantie\/#breadcrumb","itemListElement":[{"@type":"ListItem","position":1,"name":"Home","item":"https:\/\/aquabrassxpress.com\/fr\/"},{"@type":"ListItem","position":2,"name":"Garantie"}]},{"@type":"WebSite","@id":"https:\/\/aquabrassxpress.com\/fr\/#website","url":"https:\/\/aquabrassxpress.com\/fr\/","name":"Aquabrass Xpress","description":"","publisher":{"@id":"https:\/\/aquabrassxpress.com\/fr\/#organization"},"potentialAction":[{"@type":"SearchAction","target":{"@type":"EntryPoint","urlTemplate":"https:\/\/aquabrassxpress.com\/fr\/?s={search_term_string}"},"query-input":{"@type":"PropertyValueSpecification","valueRequired":true,"valueName":"search_term_string"}}],"inLanguage":"fr-CA"},{"@type":"Organization","@id":"https:\/\/aquabrassxpress.com\/fr\/#organization","name":"Aquabrass Xpress","url":"https:\/\/aquabrassxpress.com\/fr\/","logo":{"@type":"ImageObject","inLanguage":"fr-CA","@id":"https:\/\/aquabrassxpress.com\/fr\/#\/schema\/logo\/image\/","url":"https:\/\/aquabrassxpress.com\/wp-content\/uploads\/2024\/09\/logo.svg","contentUrl":"https:\/\/aquabrassxpress.com\/wp-content\/uploads\/2024\/09\/logo.svg","width":197,"height":36,"caption":"Aquabrass Xpress"},"image":{"@id":"https:\/\/aquabrassxpress.com\/fr\/#\/schema\/logo\/image\/"}}]}},"_links":{"self":[{"href":"https:\/\/aquabrassxpress.com\/fr\/wp-json\/wp\/v2\/pages\/790","targetHints":{"allow":["GET"]}}],"collection":[{"href":"https:\/\/aquabrassxpress.com\/fr\/wp-json\/wp\/v2\/pages"}],"about":[{"href":"https:\/\/aquabrassxpress.com\/fr\/wp-json\/wp\/v2\/types\/page"}],"author":[{"embeddable":true,"href":"https:\/\/aquabrassxpress.com\/fr\/wp-json\/wp\/v2\/users\/1"}],"replies":[{"embeddable":true,"href":"https:\/\/aquabrassxpress.com\/fr\/wp-json\/wp\/v2\/comments?post=790"}],"version-history":[{"count":3,"href":"https:\/\/aquabrassxpress.com\/fr\/wp-json\/wp\/v2\/pages\/790\/revisions"}],"predecessor-version":[{"id":795,"href":"https:\/\/aquabrassxpress.com\/fr\/wp-json\/wp\/v2\/pages\/790\/revisions\/795"}],"wp:attachment":[{"href":"https:\/\/aquabrassxpress.com\/fr\/wp-json\/wp\/v2\/media?parent=790"}],"curies":[{"name":"wp","href":"https:\/\/api.w.org\/{rel}","templated":true}]}}