{"id":824,"date":"2024-09-18T12:20:16","date_gmt":"2024-09-18T12:20:16","guid":{"rendered":"https:\/\/aquabrassxpress.com\/?page_id=824"},"modified":"2024-10-22T14:08:59","modified_gmt":"2024-10-22T14:08:59","slug":"contact","status":"publish","type":"page","link":"https:\/\/aquabrassxpress.com\/fr\/contact\/","title":{"rendered":"Contact"},"content":{"rendered":"\n<h1 class=\"wp-block-heading\">Contactez nous<\/h1>\n\n<p>Les collections Aquabrass sont distribu\u00e9es par AD WATERS en Am\u00e9rique du Nord (Canada et USA) exclusivement.<\/p>\n\n<p><\/p>\n\n<p>Pour toutes les ventes et les demandes de renseignements g\u00e9n\u00e9raux, veuillez remplir le formulaire ci-dessous. Nous vous remercions de votre int\u00e9r\u00eat. Un repr\u00e9sentant du service client\u00e8le d&rsquo;AD WATERS vous contactera dans les plus brefs d\u00e9lais. Si vous \u00eates un professionnel et que vous avez une demande concernant un produit Aquabrass, veuillez contacter votre repr\u00e9sentant AD Waters ou votre succursale locale.   <\/p>\n\n<p><\/p>\n\n<p><strong>FORMULAIRE DE DEMANDE<\/strong><\/p>\n\n<div class=\"wp-block-contact-form-7-contact-form-selector\">\n<div class=\"wpcf7 no-js\" id=\"wpcf7-f716-o1\" lang=\"fr-CA\" dir=\"ltr\">\n<div class=\"screen-reader-response\"><p role=\"status\" aria-live=\"polite\" aria-atomic=\"true\"><\/p> <ul><\/ul><\/div>\n<form action=\"\/fr\/wp-json\/wp\/v2\/pages\/824#wpcf7-f716-o1\" method=\"post\" class=\"wpcf7-form init contact-form\" aria-label=\"Contact form\" enctype=\"multipart\/form-data\" novalidate=\"novalidate\" data-status=\"init\">\n<div style=\"display: none;\">\n<input type=\"hidden\" name=\"_wpcf7\" value=\"716\" \/>\n<input type=\"hidden\" name=\"_wpcf7_version\" value=\"5.9.8\" \/>\n<input type=\"hidden\" name=\"_wpcf7_locale\" value=\"fr_CA\" \/>\n<input type=\"hidden\" name=\"_wpcf7_unit_tag\" value=\"wpcf7-f716-o1\" \/>\n<input type=\"hidden\" name=\"_wpcf7_container_post\" value=\"0\" \/>\n<input type=\"hidden\" name=\"_wpcf7_posted_data_hash\" value=\"\" \/>\n<\/div>\n<p><label>Courriel<br \/>\n<span class=\"wpcf7-form-control-wrap\" data-name=\"your-email\"><input size=\"40\" maxlength=\"400\" class=\"wpcf7-form-control wpcf7-email wpcf7-validates-as-required wpcf7-text wpcf7-validates-as-email\" autocomplete=\"email\" aria-required=\"true\" aria-invalid=\"false\" value=\"\" type=\"email\" name=\"your-email\" \/><\/span><\/label><br \/>\n<label>Nom<br \/>\n<span class=\"wpcf7-form-control-wrap\" data-name=\"your-name\"><input size=\"40\" maxlength=\"400\" class=\"wpcf7-form-control wpcf7-text wpcf7-validates-as-required\" autocomplete=\"name\" aria-required=\"true\" aria-invalid=\"false\" value=\"\" type=\"text\" name=\"your-name\" \/><\/span><\/label><br \/>\n<label> T\u00e9l\u00e9phone<br \/>\n<span class=\"wpcf7-form-control-wrap\" data-name=\"phone\"><input size=\"40\" maxlength=\"400\" class=\"wpcf7-form-control wpcf7-text wpcf7-validates-as-required\" autocomplete=\"tel\" aria-required=\"true\" aria-invalid=\"false\" value=\"\" type=\"text\" name=\"phone\" \/><\/span><\/label><br \/>\n<label>Message<br \/>\n<span class=\"wpcf7-form-control-wrap\" data-name=\"message\"><textarea cols=\"40\" rows=\"4\" maxlength=\"2000\" class=\"wpcf7-form-control wpcf7-textarea\" aria-invalid=\"false\" name=\"message\"><\/textarea><\/span><\/label>\n<\/p>\n<div class=\"contact-form-radio\">\n\t<p><label>R\u00e9gions<\/label><span class=\"wpcf7-form-control-wrap\" data-name=\"region\"><span class=\"wpcf7-form-control wpcf7-radio\"><span class=\"wpcf7-list-item first last\"><label><input type=\"radio\" name=\"region\" value=\"Canada (Qu\u00e9bec et r\u00e9gion d&#039;Ottawa)\nCanada (Ontario, Nouvelle-\u00c9cosse, \u00cele-du-Prince-\u00c9douard, Terre-Neuve et Labrador)\nCanada (Colombie-Britannique, Alberta, Saskatchewan, Manitoba, Yukon, Territoires du Nord-Ouest, Thunder Bay)\n\u00c9tats-Unis\nInternational\" checked=\"checked\" \/><span class=\"wpcf7-list-item-label\">Canada (Qu\u00e9bec et r\u00e9gion d&#039;Ottawa)\nCanada (Ontario, Nouvelle-\u00c9cosse, \u00cele-du-Prince-\u00c9douard, Terre-Neuve et Labrador)\nCanada (Colombie-Britannique, Alberta, Saskatchewan, Manitoba, Yukon, Territoires du Nord-Ouest, Thunder Bay)\n\u00c9tats-Unis\nInternational<\/span><\/label><\/span><\/span><\/span>\n\t<\/p>\n<\/div>\n<p><label>Joindre une photo<br \/>\n<span class=\"wpcf7-form-control-wrap\" data-name=\"picture\"><input size=\"40\" class=\"wpcf7-form-control wpcf7-file my-pond\" accept=\".jpg,.jpeg,.jfif,.pjpg,.pjp,.png,.svg,.webp,.gif\" aria-invalid=\"false\" type=\"file\" name=\"picture\" \/><\/span><\/label><br \/>\n<span class=\"wpcf7-form-control-wrap\" data-name=\"acceptance\"><span class=\"wpcf7-form-control wpcf7-acceptance\"><span class=\"wpcf7-list-item\"><label><input type=\"checkbox\" name=\"acceptance\" value=\"1\" aria-invalid=\"false\" \/><span class=\"wpcf7-list-item-label\">J'accepte que les informations saisies soient utilis\u00e9es pour traiter ma demande.<\/span><\/label><\/span><\/span><\/span><br \/>\n<input class=\"wpcf7-form-control wpcf7-submit has-spinner\" type=\"submit\" value=\"Soumettre\" \/>\n<\/p><div class=\"wpcf7-response-output\" aria-hidden=\"true\"><\/div>\n<\/form>\n<\/div>\n<\/div>\n\n<link href=\"http:\/\/unpkg.com\/filepond@%5E4\/dist\/filepond.css\" rel=\"stylesheet\"\/>\n<script src=\"http:\/\/unpkg.com\/filepond@%5E4\/dist\/filepond.js\"><\/script>\n\n<p><\/p>\n","protected":false},"excerpt":{"rendered":"<p>Contactez nous Les collections Aquabrass sont distribu\u00e9es par AD WATERS en Am\u00e9rique du Nord (Canada et USA) exclusivement. Pour toutes les ventes et les demandes de renseignements g\u00e9n\u00e9raux, veuillez remplir le formulaire ci-dessous. Nous vous remercions de votre int\u00e9r\u00eat. Un repr\u00e9sentant du service client\u00e8le d&rsquo;AD WATERS vous contactera dans les plus brefs d\u00e9lais. Si vous [&hellip;]<\/p>\n","protected":false},"author":1,"featured_media":815,"parent":0,"menu_order":0,"comment_status":"closed","ping_status":"closed","template":"wp-custom-template-page-with-image","meta":{"_acf_changed":false,"inline_featured_image":false,"footnotes":""},"class_list":["post-824","page","type-page","status-publish","has-post-thumbnail","hentry"],"acf":[],"yoast_head":"<!-- This site is optimized with the Yoast SEO plugin v24.2 - https:\/\/yoast.com\/wordpress\/plugins\/seo\/ -->\n<title>Contact - Aquabrass Xpress<\/title>\n<meta name=\"robots\" content=\"index, follow, max-snippet:-1, max-image-preview:large, max-video-preview:-1\" \/>\n<link rel=\"canonical\" href=\"https:\/\/aquabrassxpress.com\/fr\/contact\/\" \/>\n<meta property=\"og:locale\" content=\"fr_CA\" \/>\n<meta property=\"og:type\" content=\"article\" \/>\n<meta property=\"og:title\" content=\"Contact - Aquabrass Xpress\" \/>\n<meta property=\"og:description\" content=\"Contactez nous Les collections Aquabrass sont distribu\u00e9es par AD WATERS en Am\u00e9rique du Nord (Canada et USA) exclusivement. Pour toutes les ventes et les demandes de renseignements g\u00e9n\u00e9raux, veuillez remplir le formulaire ci-dessous. Nous vous remercions de votre int\u00e9r\u00eat. Un repr\u00e9sentant du service client\u00e8le d&rsquo;AD WATERS vous contactera dans les plus brefs d\u00e9lais. Si vous [&hellip;]\" \/>\n<meta property=\"og:url\" content=\"https:\/\/aquabrassxpress.com\/fr\/contact\/\" \/>\n<meta property=\"og:site_name\" content=\"Aquabrass Xpress\" \/>\n<meta property=\"article:modified_time\" content=\"2024-10-22T14:08:59+00:00\" \/>\n<meta property=\"og:image\" content=\"https:\/\/aquabrassxpress.com\/wp-content\/uploads\/2024\/10\/Header-Inspiration-1.jpg\" \/>\n\t<meta property=\"og:image:width\" content=\"2560\" \/>\n\t<meta property=\"og:image:height\" content=\"836\" \/>\n\t<meta property=\"og:image:type\" content=\"image\/jpeg\" \/>\n<meta name=\"twitter:card\" content=\"summary_large_image\" \/>\n<meta name=\"twitter:label1\" content=\"Est. reading time\" \/>\n\t<meta name=\"twitter:data1\" content=\"1 minute\" \/>\n<script type=\"application\/ld+json\" class=\"yoast-schema-graph\">{\"@context\":\"https:\/\/schema.org\",\"@graph\":[{\"@type\":\"WebPage\",\"@id\":\"https:\/\/aquabrassxpress.com\/fr\/contact\/\",\"url\":\"https:\/\/aquabrassxpress.com\/fr\/contact\/\",\"name\":\"Contact - Aquabrass Xpress\",\"isPartOf\":{\"@id\":\"https:\/\/aquabrassxpress.com\/fr\/#website\"},\"primaryImageOfPage\":{\"@id\":\"https:\/\/aquabrassxpress.com\/fr\/contact\/#primaryimage\"},\"image\":{\"@id\":\"https:\/\/aquabrassxpress.com\/fr\/contact\/#primaryimage\"},\"thumbnailUrl\":\"https:\/\/aquabrassxpress.com\/wp-content\/uploads\/2024\/10\/Header-Inspiration-1.jpg\",\"datePublished\":\"2024-09-18T12:20:16+00:00\",\"dateModified\":\"2024-10-22T14:08:59+00:00\",\"breadcrumb\":{\"@id\":\"https:\/\/aquabrassxpress.com\/fr\/contact\/#breadcrumb\"},\"inLanguage\":\"fr-CA\",\"potentialAction\":[{\"@type\":\"ReadAction\",\"target\":[\"https:\/\/aquabrassxpress.com\/fr\/contact\/\"]}]},{\"@type\":\"ImageObject\",\"inLanguage\":\"fr-CA\",\"@id\":\"https:\/\/aquabrassxpress.com\/fr\/contact\/#primaryimage\",\"url\":\"https:\/\/aquabrassxpress.com\/wp-content\/uploads\/2024\/10\/Header-Inspiration-1.jpg\",\"contentUrl\":\"https:\/\/aquabrassxpress.com\/wp-content\/uploads\/2024\/10\/Header-Inspiration-1.jpg\",\"width\":2560,\"height\":836},{\"@type\":\"BreadcrumbList\",\"@id\":\"https:\/\/aquabrassxpress.com\/fr\/contact\/#breadcrumb\",\"itemListElement\":[{\"@type\":\"ListItem\",\"position\":1,\"name\":\"Home\",\"item\":\"https:\/\/aquabrassxpress.com\/fr\/\"},{\"@type\":\"ListItem\",\"position\":2,\"name\":\"Contact\"}]},{\"@type\":\"WebSite\",\"@id\":\"https:\/\/aquabrassxpress.com\/fr\/#website\",\"url\":\"https:\/\/aquabrassxpress.com\/fr\/\",\"name\":\"Aquabrass Xpress\",\"description\":\"\",\"publisher\":{\"@id\":\"https:\/\/aquabrassxpress.com\/fr\/#organization\"},\"potentialAction\":[{\"@type\":\"SearchAction\",\"target\":{\"@type\":\"EntryPoint\",\"urlTemplate\":\"https:\/\/aquabrassxpress.com\/fr\/?s={search_term_string}\"},\"query-input\":{\"@type\":\"PropertyValueSpecification\",\"valueRequired\":true,\"valueName\":\"search_term_string\"}}],\"inLanguage\":\"fr-CA\"},{\"@type\":\"Organization\",\"@id\":\"https:\/\/aquabrassxpress.com\/fr\/#organization\",\"name\":\"Aquabrass Xpress\",\"url\":\"https:\/\/aquabrassxpress.com\/fr\/\",\"logo\":{\"@type\":\"ImageObject\",\"inLanguage\":\"fr-CA\",\"@id\":\"https:\/\/aquabrassxpress.com\/fr\/#\/schema\/logo\/image\/\",\"url\":\"https:\/\/aquabrassxpress.com\/wp-content\/uploads\/2024\/09\/logo.svg\",\"contentUrl\":\"https:\/\/aquabrassxpress.com\/wp-content\/uploads\/2024\/09\/logo.svg\",\"width\":197,\"height\":36,\"caption\":\"Aquabrass Xpress\"},\"image\":{\"@id\":\"https:\/\/aquabrassxpress.com\/fr\/#\/schema\/logo\/image\/\"}}]}<\/script>\n<!-- \/ Yoast SEO plugin. -->","yoast_head_json":{"title":"Contact - Aquabrass Xpress","robots":{"index":"index","follow":"follow","max-snippet":"max-snippet:-1","max-image-preview":"max-image-preview:large","max-video-preview":"max-video-preview:-1"},"canonical":"https:\/\/aquabrassxpress.com\/fr\/contact\/","og_locale":"fr_CA","og_type":"article","og_title":"Contact - Aquabrass Xpress","og_description":"Contactez nous Les collections Aquabrass sont distribu\u00e9es par AD WATERS en Am\u00e9rique du Nord (Canada et USA) exclusivement. Pour toutes les ventes et les demandes de renseignements g\u00e9n\u00e9raux, veuillez remplir le formulaire ci-dessous. Nous vous remercions de votre int\u00e9r\u00eat. Un repr\u00e9sentant du service client\u00e8le d&rsquo;AD WATERS vous contactera dans les plus brefs d\u00e9lais. Si vous [&hellip;]","og_url":"https:\/\/aquabrassxpress.com\/fr\/contact\/","og_site_name":"Aquabrass Xpress","article_modified_time":"2024-10-22T14:08:59+00:00","og_image":[{"width":2560,"height":836,"url":"https:\/\/aquabrassxpress.com\/wp-content\/uploads\/2024\/10\/Header-Inspiration-1.jpg","type":"image\/jpeg"}],"twitter_card":"summary_large_image","twitter_misc":{"Est. reading time":"1 minute"},"schema":{"@context":"https:\/\/schema.org","@graph":[{"@type":"WebPage","@id":"https:\/\/aquabrassxpress.com\/fr\/contact\/","url":"https:\/\/aquabrassxpress.com\/fr\/contact\/","name":"Contact - Aquabrass Xpress","isPartOf":{"@id":"https:\/\/aquabrassxpress.com\/fr\/#website"},"primaryImageOfPage":{"@id":"https:\/\/aquabrassxpress.com\/fr\/contact\/#primaryimage"},"image":{"@id":"https:\/\/aquabrassxpress.com\/fr\/contact\/#primaryimage"},"thumbnailUrl":"https:\/\/aquabrassxpress.com\/wp-content\/uploads\/2024\/10\/Header-Inspiration-1.jpg","datePublished":"2024-09-18T12:20:16+00:00","dateModified":"2024-10-22T14:08:59+00:00","breadcrumb":{"@id":"https:\/\/aquabrassxpress.com\/fr\/contact\/#breadcrumb"},"inLanguage":"fr-CA","potentialAction":[{"@type":"ReadAction","target":["https:\/\/aquabrassxpress.com\/fr\/contact\/"]}]},{"@type":"ImageObject","inLanguage":"fr-CA","@id":"https:\/\/aquabrassxpress.com\/fr\/contact\/#primaryimage","url":"https:\/\/aquabrassxpress.com\/wp-content\/uploads\/2024\/10\/Header-Inspiration-1.jpg","contentUrl":"https:\/\/aquabrassxpress.com\/wp-content\/uploads\/2024\/10\/Header-Inspiration-1.jpg","width":2560,"height":836},{"@type":"BreadcrumbList","@id":"https:\/\/aquabrassxpress.com\/fr\/contact\/#breadcrumb","itemListElement":[{"@type":"ListItem","position":1,"name":"Home","item":"https:\/\/aquabrassxpress.com\/fr\/"},{"@type":"ListItem","position":2,"name":"Contact"}]},{"@type":"WebSite","@id":"https:\/\/aquabrassxpress.com\/fr\/#website","url":"https:\/\/aquabrassxpress.com\/fr\/","name":"Aquabrass Xpress","description":"","publisher":{"@id":"https:\/\/aquabrassxpress.com\/fr\/#organization"},"potentialAction":[{"@type":"SearchAction","target":{"@type":"EntryPoint","urlTemplate":"https:\/\/aquabrassxpress.com\/fr\/?s={search_term_string}"},"query-input":{"@type":"PropertyValueSpecification","valueRequired":true,"valueName":"search_term_string"}}],"inLanguage":"fr-CA"},{"@type":"Organization","@id":"https:\/\/aquabrassxpress.com\/fr\/#organization","name":"Aquabrass Xpress","url":"https:\/\/aquabrassxpress.com\/fr\/","logo":{"@type":"ImageObject","inLanguage":"fr-CA","@id":"https:\/\/aquabrassxpress.com\/fr\/#\/schema\/logo\/image\/","url":"https:\/\/aquabrassxpress.com\/wp-content\/uploads\/2024\/09\/logo.svg","contentUrl":"https:\/\/aquabrassxpress.com\/wp-content\/uploads\/2024\/09\/logo.svg","width":197,"height":36,"caption":"Aquabrass Xpress"},"image":{"@id":"https:\/\/aquabrassxpress.com\/fr\/#\/schema\/logo\/image\/"}}]}},"_links":{"self":[{"href":"https:\/\/aquabrassxpress.com\/fr\/wp-json\/wp\/v2\/pages\/824","targetHints":{"allow":["GET"]}}],"collection":[{"href":"https:\/\/aquabrassxpress.com\/fr\/wp-json\/wp\/v2\/pages"}],"about":[{"href":"https:\/\/aquabrassxpress.com\/fr\/wp-json\/wp\/v2\/types\/page"}],"author":[{"embeddable":true,"href":"https:\/\/aquabrassxpress.com\/fr\/wp-json\/wp\/v2\/users\/1"}],"replies":[{"embeddable":true,"href":"https:\/\/aquabrassxpress.com\/fr\/wp-json\/wp\/v2\/comments?post=824"}],"version-history":[{"count":3,"href":"https:\/\/aquabrassxpress.com\/fr\/wp-json\/wp\/v2\/pages\/824\/revisions"}],"predecessor-version":[{"id":829,"href":"https:\/\/aquabrassxpress.com\/fr\/wp-json\/wp\/v2\/pages\/824\/revisions\/829"}],"wp:featuredmedia":[{"embeddable":true,"href":"https:\/\/aquabrassxpress.com\/fr\/wp-json\/wp\/v2\/media\/815"}],"wp:attachment":[{"href":"https:\/\/aquabrassxpress.com\/fr\/wp-json\/wp\/v2\/media?parent=824"}],"curies":[{"name":"wp","href":"https:\/\/api.w.org\/{rel}","templated":true}]}}