{"id":2978,"date":"2024-10-29T13:28:46","date_gmt":"2024-10-29T13:28:46","guid":{"rendered":"https:\/\/aquabrassxpress.com\/product\/madison-3-piece-deckmount-tubfiller\/"},"modified":"2025-08-29T18:14:24","modified_gmt":"2025-08-29T18:14:24","slug":"madison-3-piece-deckmount-tubfiller","status":"publish","type":"product","link":"https:\/\/aquabrassxpress.com\/fr\/product\/madison-3-piece-deckmount-tubfiller\/","title":{"rendered":"Madison robinet de bain 3 mcx avec douchette"},"content":{"rendered":"<ul>\n<li>Laiton massif<\/li>\n<li>Jet d\u2019eau cristallin (a\u00e9rateur laminaire)<\/li>\n<li>Commande \u00e0 levier unique pour le volume et la temp\u00e9rature<\/li>\n<li>Limiteur de temp\u00e9rature ajustable<\/li>\n<li>Cartouche \u00e0 pression \u00e9quilibr\u00e9e<\/li>\n<li>Douchette avec boyau tress\u00e9 de 5\u2019 dissimul\u00e9<\/li>\n<li>D\u00e9viateur \u00e0 l\u2019arri\u00e8re du bec<\/li>\n<li>Raccordement 1\/2\u201d<\/li>\n<li>Cartouche \u00e0 pression \u00e9quilibr\u00e9e #ABCA62193<\/li>\n<li>D\u00e9bit d\u2019eau: 5 gpm &#8211; 19L\/min<\/li>\n<li>D\u00e9bit d\u2019eau douchette: 1.8 gpm &#8211; 6.8L\/min<\/li>\n<li>Per\u00e7age: 1 -1\/2\u201d<\/li>\n<li>Epaisseur du comptoir: min 1-3\/8\u201d max 1-5\/8\u201d<\/li>\n<\/ul>\n","protected":false},"excerpt":{"rendered":"<p>La forme carr\u00e9e de la collection Madison alli\u00e9e \u00e0 son design distingu\u00e9\u00a0en font une pi\u00e8ce versatile qui rafra\u00eechira toute salle de bain.<\/p>\n","protected":false},"featured_media":936,"comment_status":"open","ping_status":"closed","template":"","meta":{"_acf_changed":false,"inline_featured_image":false},"product_brand":[],"product_cat":[93,95,96],"product_tag":[],"class_list":{"0":"post-2978","1":"product","2":"type-product","3":"status-publish","4":"has-post-thumbnail","6":"product_cat-all-categories-fr","7":"product_cat-bathroom-faucets-fr","8":"product_cat-madison-fr","10":"first","11":"instock","12":"shipping-taxable","13":"purchasable","14":"product-type-simple"},"acf":[],"yoast_head":"<!-- This site is optimized with the Yoast SEO plugin v24.2 - https:\/\/yoast.com\/wordpress\/plugins\/seo\/ -->\n<title>Madison robinet de bain 3 mcx avec douchette - Aquabrass Xpress<\/title>\n<meta name=\"robots\" content=\"index, follow, max-snippet:-1, max-image-preview:large, max-video-preview:-1\" \/>\n<link rel=\"canonical\" href=\"https:\/\/aquabrassxpress.com\/fr\/product\/madison-3-piece-deckmount-tubfiller\/\" \/>\n<meta property=\"og:locale\" content=\"fr_CA\" \/>\n<meta property=\"og:type\" content=\"article\" \/>\n<meta property=\"og:title\" content=\"Madison robinet de bain 3 mcx avec douchette - Aquabrass Xpress\" \/>\n<meta property=\"og:description\" content=\"La forme carr\u00e9e de la collection Madison alli\u00e9e \u00e0 son design distingu\u00e9\u00a0en font une pi\u00e8ce versatile qui rafra\u00eechira toute salle de bain.\" \/>\n<meta property=\"og:url\" content=\"https:\/\/aquabrassxpress.com\/fr\/product\/madison-3-piece-deckmount-tubfiller\/\" \/>\n<meta property=\"og:site_name\" content=\"Aquabrass Xpress\" \/>\n<meta property=\"article:modified_time\" content=\"2025-08-29T18:14:24+00:00\" \/>\n<meta property=\"og:image\" content=\"https:\/\/aquabrassxpress.com\/wp-content\/uploads\/2024\/10\/86013_MADISON_3-piece_deckmount_tub_filler_PC-scaled.jpg\" \/>\n\t<meta property=\"og:image:width\" content=\"2560\" \/>\n\t<meta property=\"og:image:height\" content=\"2560\" \/>\n\t<meta property=\"og:image:type\" content=\"image\/jpeg\" \/>\n<meta name=\"twitter:card\" content=\"summary_large_image\" \/>\n<meta name=\"twitter:label1\" content=\"Est. reading time\" \/>\n\t<meta name=\"twitter:data1\" content=\"1 minute\" \/>\n<script type=\"application\/ld+json\" class=\"yoast-schema-graph\">{\"@context\":\"https:\/\/schema.org\",\"@graph\":[{\"@type\":\"WebPage\",\"@id\":\"https:\/\/aquabrassxpress.com\/fr\/product\/madison-3-piece-deckmount-tubfiller\/\",\"url\":\"https:\/\/aquabrassxpress.com\/fr\/product\/madison-3-piece-deckmount-tubfiller\/\",\"name\":\"Madison robinet de bain 3 mcx avec douchette - Aquabrass Xpress\",\"isPartOf\":{\"@id\":\"https:\/\/aquabrassxpress.com\/fr\/#website\"},\"primaryImageOfPage\":{\"@id\":\"https:\/\/aquabrassxpress.com\/fr\/product\/madison-3-piece-deckmount-tubfiller\/#primaryimage\"},\"image\":{\"@id\":\"https:\/\/aquabrassxpress.com\/fr\/product\/madison-3-piece-deckmount-tubfiller\/#primaryimage\"},\"thumbnailUrl\":\"https:\/\/aquabrassxpress.com\/wp-content\/uploads\/2024\/10\/86013_MADISON_3-piece_deckmount_tub_filler_PC-scaled.jpg\",\"datePublished\":\"2024-10-29T13:28:46+00:00\",\"dateModified\":\"2025-08-29T18:14:24+00:00\",\"breadcrumb\":{\"@id\":\"https:\/\/aquabrassxpress.com\/fr\/product\/madison-3-piece-deckmount-tubfiller\/#breadcrumb\"},\"inLanguage\":\"fr-CA\",\"potentialAction\":[{\"@type\":\"ReadAction\",\"target\":[\"https:\/\/aquabrassxpress.com\/fr\/product\/madison-3-piece-deckmount-tubfiller\/\"]}]},{\"@type\":\"ImageObject\",\"inLanguage\":\"fr-CA\",\"@id\":\"https:\/\/aquabrassxpress.com\/fr\/product\/madison-3-piece-deckmount-tubfiller\/#primaryimage\",\"url\":\"https:\/\/aquabrassxpress.com\/wp-content\/uploads\/2024\/10\/86013_MADISON_3-piece_deckmount_tub_filler_PC-scaled.jpg\",\"contentUrl\":\"https:\/\/aquabrassxpress.com\/wp-content\/uploads\/2024\/10\/86013_MADISON_3-piece_deckmount_tub_filler_PC-scaled.jpg\",\"width\":2560,\"height\":2560},{\"@type\":\"BreadcrumbList\",\"@id\":\"https:\/\/aquabrassxpress.com\/fr\/product\/madison-3-piece-deckmount-tubfiller\/#breadcrumb\",\"itemListElement\":[{\"@type\":\"ListItem\",\"position\":1,\"name\":\"Home\",\"item\":\"https:\/\/aquabrassxpress.com\/fr\/\"},{\"@type\":\"ListItem\",\"position\":2,\"name\":\"Shop\",\"item\":\"https:\/\/aquabrassxpress.com\/shop\/\"},{\"@type\":\"ListItem\",\"position\":3,\"name\":\"Madison robinet de bain 3 mcx avec douchette\"}]},{\"@type\":\"WebSite\",\"@id\":\"https:\/\/aquabrassxpress.com\/fr\/#website\",\"url\":\"https:\/\/aquabrassxpress.com\/fr\/\",\"name\":\"Aquabrass Xpress\",\"description\":\"\",\"publisher\":{\"@id\":\"https:\/\/aquabrassxpress.com\/fr\/#organization\"},\"potentialAction\":[{\"@type\":\"SearchAction\",\"target\":{\"@type\":\"EntryPoint\",\"urlTemplate\":\"https:\/\/aquabrassxpress.com\/fr\/?s={search_term_string}\"},\"query-input\":{\"@type\":\"PropertyValueSpecification\",\"valueRequired\":true,\"valueName\":\"search_term_string\"}}],\"inLanguage\":\"fr-CA\"},{\"@type\":\"Organization\",\"@id\":\"https:\/\/aquabrassxpress.com\/fr\/#organization\",\"name\":\"Aquabrass Xpress\",\"url\":\"https:\/\/aquabrassxpress.com\/fr\/\",\"logo\":{\"@type\":\"ImageObject\",\"inLanguage\":\"fr-CA\",\"@id\":\"https:\/\/aquabrassxpress.com\/fr\/#\/schema\/logo\/image\/\",\"url\":\"https:\/\/aquabrassxpress.com\/wp-content\/uploads\/2024\/09\/logo.svg\",\"contentUrl\":\"https:\/\/aquabrassxpress.com\/wp-content\/uploads\/2024\/09\/logo.svg\",\"width\":197,\"height\":36,\"caption\":\"Aquabrass Xpress\"},\"image\":{\"@id\":\"https:\/\/aquabrassxpress.com\/fr\/#\/schema\/logo\/image\/\"}}]}<\/script>\n<!-- \/ Yoast SEO plugin. -->","yoast_head_json":{"title":"Madison robinet de bain 3 mcx avec douchette - Aquabrass Xpress","robots":{"index":"index","follow":"follow","max-snippet":"max-snippet:-1","max-image-preview":"max-image-preview:large","max-video-preview":"max-video-preview:-1"},"canonical":"https:\/\/aquabrassxpress.com\/fr\/product\/madison-3-piece-deckmount-tubfiller\/","og_locale":"fr_CA","og_type":"article","og_title":"Madison robinet de bain 3 mcx avec douchette - Aquabrass Xpress","og_description":"La forme carr\u00e9e de la collection Madison alli\u00e9e \u00e0 son design distingu\u00e9\u00a0en font une pi\u00e8ce versatile qui rafra\u00eechira toute salle de bain.","og_url":"https:\/\/aquabrassxpress.com\/fr\/product\/madison-3-piece-deckmount-tubfiller\/","og_site_name":"Aquabrass Xpress","article_modified_time":"2025-08-29T18:14:24+00:00","og_image":[{"width":2560,"height":2560,"url":"https:\/\/aquabrassxpress.com\/wp-content\/uploads\/2024\/10\/86013_MADISON_3-piece_deckmount_tub_filler_PC-scaled.jpg","type":"image\/jpeg"}],"twitter_card":"summary_large_image","twitter_misc":{"Est. reading time":"1 minute"},"schema":{"@context":"https:\/\/schema.org","@graph":[{"@type":"WebPage","@id":"https:\/\/aquabrassxpress.com\/fr\/product\/madison-3-piece-deckmount-tubfiller\/","url":"https:\/\/aquabrassxpress.com\/fr\/product\/madison-3-piece-deckmount-tubfiller\/","name":"Madison robinet de bain 3 mcx avec douchette - Aquabrass Xpress","isPartOf":{"@id":"https:\/\/aquabrassxpress.com\/fr\/#website"},"primaryImageOfPage":{"@id":"https:\/\/aquabrassxpress.com\/fr\/product\/madison-3-piece-deckmount-tubfiller\/#primaryimage"},"image":{"@id":"https:\/\/aquabrassxpress.com\/fr\/product\/madison-3-piece-deckmount-tubfiller\/#primaryimage"},"thumbnailUrl":"https:\/\/aquabrassxpress.com\/wp-content\/uploads\/2024\/10\/86013_MADISON_3-piece_deckmount_tub_filler_PC-scaled.jpg","datePublished":"2024-10-29T13:28:46+00:00","dateModified":"2025-08-29T18:14:24+00:00","breadcrumb":{"@id":"https:\/\/aquabrassxpress.com\/fr\/product\/madison-3-piece-deckmount-tubfiller\/#breadcrumb"},"inLanguage":"fr-CA","potentialAction":[{"@type":"ReadAction","target":["https:\/\/aquabrassxpress.com\/fr\/product\/madison-3-piece-deckmount-tubfiller\/"]}]},{"@type":"ImageObject","inLanguage":"fr-CA","@id":"https:\/\/aquabrassxpress.com\/fr\/product\/madison-3-piece-deckmount-tubfiller\/#primaryimage","url":"https:\/\/aquabrassxpress.com\/wp-content\/uploads\/2024\/10\/86013_MADISON_3-piece_deckmount_tub_filler_PC-scaled.jpg","contentUrl":"https:\/\/aquabrassxpress.com\/wp-content\/uploads\/2024\/10\/86013_MADISON_3-piece_deckmount_tub_filler_PC-scaled.jpg","width":2560,"height":2560},{"@type":"BreadcrumbList","@id":"https:\/\/aquabrassxpress.com\/fr\/product\/madison-3-piece-deckmount-tubfiller\/#breadcrumb","itemListElement":[{"@type":"ListItem","position":1,"name":"Home","item":"https:\/\/aquabrassxpress.com\/fr\/"},{"@type":"ListItem","position":2,"name":"Shop","item":"https:\/\/aquabrassxpress.com\/shop\/"},{"@type":"ListItem","position":3,"name":"Madison robinet de bain 3 mcx avec douchette"}]},{"@type":"WebSite","@id":"https:\/\/aquabrassxpress.com\/fr\/#website","url":"https:\/\/aquabrassxpress.com\/fr\/","name":"Aquabrass Xpress","description":"","publisher":{"@id":"https:\/\/aquabrassxpress.com\/fr\/#organization"},"potentialAction":[{"@type":"SearchAction","target":{"@type":"EntryPoint","urlTemplate":"https:\/\/aquabrassxpress.com\/fr\/?s={search_term_string}"},"query-input":{"@type":"PropertyValueSpecification","valueRequired":true,"valueName":"search_term_string"}}],"inLanguage":"fr-CA"},{"@type":"Organization","@id":"https:\/\/aquabrassxpress.com\/fr\/#organization","name":"Aquabrass Xpress","url":"https:\/\/aquabrassxpress.com\/fr\/","logo":{"@type":"ImageObject","inLanguage":"fr-CA","@id":"https:\/\/aquabrassxpress.com\/fr\/#\/schema\/logo\/image\/","url":"https:\/\/aquabrassxpress.com\/wp-content\/uploads\/2024\/09\/logo.svg","contentUrl":"https:\/\/aquabrassxpress.com\/wp-content\/uploads\/2024\/09\/logo.svg","width":197,"height":36,"caption":"Aquabrass Xpress"},"image":{"@id":"https:\/\/aquabrassxpress.com\/fr\/#\/schema\/logo\/image\/"}}]}},"_links":{"self":[{"href":"https:\/\/aquabrassxpress.com\/fr\/wp-json\/wp\/v2\/product\/2978","targetHints":{"allow":["GET"]}}],"collection":[{"href":"https:\/\/aquabrassxpress.com\/fr\/wp-json\/wp\/v2\/product"}],"about":[{"href":"https:\/\/aquabrassxpress.com\/fr\/wp-json\/wp\/v2\/types\/product"}],"replies":[{"embeddable":true,"href":"https:\/\/aquabrassxpress.com\/fr\/wp-json\/wp\/v2\/comments?post=2978"}],"wp:featuredmedia":[{"embeddable":true,"href":"https:\/\/aquabrassxpress.com\/fr\/wp-json\/wp\/v2\/media\/936"}],"wp:attachment":[{"href":"https:\/\/aquabrassxpress.com\/fr\/wp-json\/wp\/v2\/media?parent=2978"}],"wp:term":[{"taxonomy":"product_brand","embeddable":true,"href":"https:\/\/aquabrassxpress.com\/fr\/wp-json\/wp\/v2\/product_brand?post=2978"},{"taxonomy":"product_cat","embeddable":true,"href":"https:\/\/aquabrassxpress.com\/fr\/wp-json\/wp\/v2\/product_cat?post=2978"},{"taxonomy":"product_tag","embeddable":true,"href":"https:\/\/aquabrassxpress.com\/fr\/wp-json\/wp\/v2\/product_tag?post=2978"}],"curies":[{"name":"wp","href":"https:\/\/api.w.org\/{rel}","templated":true}]}}