{"id":2995,"date":"2024-10-29T15:28:08","date_gmt":"2024-10-29T15:28:08","guid":{"rendered":"https:\/\/aquabrassxpress.com\/product\/must-floormount-tub-filler\/"},"modified":"2025-08-29T18:19:30","modified_gmt":"2025-08-29T18:19:30","slug":"must-floormount-tub-filler","status":"publish","type":"product","link":"https:\/\/aquabrassxpress.com\/fr\/product\/must-floormount-tub-filler\/","title":{"rendered":"Must robinet de bain au sol avec douchette"},"content":{"rendered":"<ul>\n<li>Laiton massif<\/li>\n<li>Jet d\u2019eau cristallin (a\u00e9rateur laminaire)<\/li>\n<li>A\u00e9rateur anti-calcaire pivotant (10\u00b0)<\/li>\n<li>Limiteur de temp\u00e9rature ajustable<\/li>\n<li>Cartouche \u00e0 pression \u00e9quilibr\u00e9e<\/li>\n<li>Commande \u00e0 levier unique pour le volume et la temp\u00e9rature<\/li>\n<li>Douchette avec boyau en m\u00e9tal spiral\u00e9 de 5\u2019<\/li>\n<li>D\u00e9viateur situ\u00e9 \u00e0 l\u2019avant du bec<\/li>\n<li>Adaptateurs Easy-Fittm inclus<\/li>\n<li>Raccordement 1\/2\u201d<\/li>\n<li>Cartouche \u00e0 pression \u00e9quilibr\u00e9e #ABCA56084<\/li>\n<li>D\u00e9bit d\u2019eau: 5 gpm &#8211; 19L\/min<\/li>\n<li>D\u00e9bit d\u2019eau douchette: 1.8 gpm &#8211; 6.8L\/min<\/li>\n<\/ul>\n","protected":false},"excerpt":{"rendered":"<p>Avec ses lignes en douceur et son look tendance d\u00e9contract\u00e9, Must est un\u00a0<em>must<\/em>\u00a0pour tout design de salle de bain.<\/p>\n","protected":false},"featured_media":980,"comment_status":"open","ping_status":"closed","template":"","meta":{"_acf_changed":false,"inline_featured_image":false},"product_brand":[],"product_cat":[93,95,97],"product_tag":[],"class_list":{"0":"post-2995","1":"product","2":"type-product","3":"status-publish","4":"has-post-thumbnail","6":"product_cat-all-categories-fr","7":"product_cat-bathroom-faucets-fr","8":"product_cat-must-fr","10":"first","11":"instock","12":"shipping-taxable","13":"purchasable","14":"product-type-simple"},"acf":[],"yoast_head":"<!-- This site is optimized with the Yoast SEO plugin v24.2 - https:\/\/yoast.com\/wordpress\/plugins\/seo\/ -->\n<title>Must robinet de bain au sol avec douchette - Aquabrass Xpress<\/title>\n<meta name=\"robots\" content=\"index, follow, max-snippet:-1, max-image-preview:large, max-video-preview:-1\" \/>\n<link rel=\"canonical\" href=\"https:\/\/aquabrassxpress.com\/fr\/product\/must-floormount-tub-filler\/\" \/>\n<meta property=\"og:locale\" content=\"fr_CA\" \/>\n<meta property=\"og:type\" content=\"article\" \/>\n<meta property=\"og:title\" content=\"Must robinet de bain au sol avec douchette - Aquabrass Xpress\" \/>\n<meta property=\"og:description\" content=\"Avec ses lignes en douceur et son look tendance d\u00e9contract\u00e9, Must est un\u00a0must\u00a0pour tout design de salle de bain.\" \/>\n<meta property=\"og:url\" content=\"https:\/\/aquabrassxpress.com\/fr\/product\/must-floormount-tub-filler\/\" \/>\n<meta property=\"og:site_name\" content=\"Aquabrass Xpress\" \/>\n<meta property=\"article:modified_time\" content=\"2025-08-29T18:19:30+00:00\" \/>\n<meta property=\"og:image\" content=\"https:\/\/aquabrassxpress.com\/wp-content\/uploads\/2024\/10\/56085_MUST_Floormount_tub_filler_with_handshower_PC-scaled.jpg\" \/>\n\t<meta property=\"og:image:width\" content=\"2560\" \/>\n\t<meta property=\"og:image:height\" content=\"2560\" \/>\n\t<meta property=\"og:image:type\" content=\"image\/jpeg\" \/>\n<meta name=\"twitter:card\" content=\"summary_large_image\" \/>\n<meta name=\"twitter:label1\" content=\"Est. reading time\" \/>\n\t<meta name=\"twitter:data1\" content=\"1 minute\" \/>\n<script type=\"application\/ld+json\" class=\"yoast-schema-graph\">{\"@context\":\"https:\/\/schema.org\",\"@graph\":[{\"@type\":\"WebPage\",\"@id\":\"https:\/\/aquabrassxpress.com\/fr\/product\/must-floormount-tub-filler\/\",\"url\":\"https:\/\/aquabrassxpress.com\/fr\/product\/must-floormount-tub-filler\/\",\"name\":\"Must robinet de bain au sol avec douchette - Aquabrass Xpress\",\"isPartOf\":{\"@id\":\"https:\/\/aquabrassxpress.com\/fr\/#website\"},\"primaryImageOfPage\":{\"@id\":\"https:\/\/aquabrassxpress.com\/fr\/product\/must-floormount-tub-filler\/#primaryimage\"},\"image\":{\"@id\":\"https:\/\/aquabrassxpress.com\/fr\/product\/must-floormount-tub-filler\/#primaryimage\"},\"thumbnailUrl\":\"https:\/\/aquabrassxpress.com\/wp-content\/uploads\/2024\/10\/56085_MUST_Floormount_tub_filler_with_handshower_PC-scaled.jpg\",\"datePublished\":\"2024-10-29T15:28:08+00:00\",\"dateModified\":\"2025-08-29T18:19:30+00:00\",\"breadcrumb\":{\"@id\":\"https:\/\/aquabrassxpress.com\/fr\/product\/must-floormount-tub-filler\/#breadcrumb\"},\"inLanguage\":\"fr-CA\",\"potentialAction\":[{\"@type\":\"ReadAction\",\"target\":[\"https:\/\/aquabrassxpress.com\/fr\/product\/must-floormount-tub-filler\/\"]}]},{\"@type\":\"ImageObject\",\"inLanguage\":\"fr-CA\",\"@id\":\"https:\/\/aquabrassxpress.com\/fr\/product\/must-floormount-tub-filler\/#primaryimage\",\"url\":\"https:\/\/aquabrassxpress.com\/wp-content\/uploads\/2024\/10\/56085_MUST_Floormount_tub_filler_with_handshower_PC-scaled.jpg\",\"contentUrl\":\"https:\/\/aquabrassxpress.com\/wp-content\/uploads\/2024\/10\/56085_MUST_Floormount_tub_filler_with_handshower_PC-scaled.jpg\",\"width\":2560,\"height\":2560},{\"@type\":\"BreadcrumbList\",\"@id\":\"https:\/\/aquabrassxpress.com\/fr\/product\/must-floormount-tub-filler\/#breadcrumb\",\"itemListElement\":[{\"@type\":\"ListItem\",\"position\":1,\"name\":\"Home\",\"item\":\"https:\/\/aquabrassxpress.com\/fr\/\"},{\"@type\":\"ListItem\",\"position\":2,\"name\":\"Shop\",\"item\":\"https:\/\/aquabrassxpress.com\/shop\/\"},{\"@type\":\"ListItem\",\"position\":3,\"name\":\"Must robinet de bain au sol avec douchette\"}]},{\"@type\":\"WebSite\",\"@id\":\"https:\/\/aquabrassxpress.com\/fr\/#website\",\"url\":\"https:\/\/aquabrassxpress.com\/fr\/\",\"name\":\"Aquabrass Xpress\",\"description\":\"\",\"publisher\":{\"@id\":\"https:\/\/aquabrassxpress.com\/fr\/#organization\"},\"potentialAction\":[{\"@type\":\"SearchAction\",\"target\":{\"@type\":\"EntryPoint\",\"urlTemplate\":\"https:\/\/aquabrassxpress.com\/fr\/?s={search_term_string}\"},\"query-input\":{\"@type\":\"PropertyValueSpecification\",\"valueRequired\":true,\"valueName\":\"search_term_string\"}}],\"inLanguage\":\"fr-CA\"},{\"@type\":\"Organization\",\"@id\":\"https:\/\/aquabrassxpress.com\/fr\/#organization\",\"name\":\"Aquabrass Xpress\",\"url\":\"https:\/\/aquabrassxpress.com\/fr\/\",\"logo\":{\"@type\":\"ImageObject\",\"inLanguage\":\"fr-CA\",\"@id\":\"https:\/\/aquabrassxpress.com\/fr\/#\/schema\/logo\/image\/\",\"url\":\"https:\/\/aquabrassxpress.com\/wp-content\/uploads\/2024\/09\/logo.svg\",\"contentUrl\":\"https:\/\/aquabrassxpress.com\/wp-content\/uploads\/2024\/09\/logo.svg\",\"width\":197,\"height\":36,\"caption\":\"Aquabrass Xpress\"},\"image\":{\"@id\":\"https:\/\/aquabrassxpress.com\/fr\/#\/schema\/logo\/image\/\"}}]}<\/script>\n<!-- \/ Yoast SEO plugin. -->","yoast_head_json":{"title":"Must robinet de bain au sol avec douchette - Aquabrass Xpress","robots":{"index":"index","follow":"follow","max-snippet":"max-snippet:-1","max-image-preview":"max-image-preview:large","max-video-preview":"max-video-preview:-1"},"canonical":"https:\/\/aquabrassxpress.com\/fr\/product\/must-floormount-tub-filler\/","og_locale":"fr_CA","og_type":"article","og_title":"Must robinet de bain au sol avec douchette - Aquabrass Xpress","og_description":"Avec ses lignes en douceur et son look tendance d\u00e9contract\u00e9, Must est un\u00a0must\u00a0pour tout design de salle de bain.","og_url":"https:\/\/aquabrassxpress.com\/fr\/product\/must-floormount-tub-filler\/","og_site_name":"Aquabrass Xpress","article_modified_time":"2025-08-29T18:19:30+00:00","og_image":[{"width":2560,"height":2560,"url":"https:\/\/aquabrassxpress.com\/wp-content\/uploads\/2024\/10\/56085_MUST_Floormount_tub_filler_with_handshower_PC-scaled.jpg","type":"image\/jpeg"}],"twitter_card":"summary_large_image","twitter_misc":{"Est. reading time":"1 minute"},"schema":{"@context":"https:\/\/schema.org","@graph":[{"@type":"WebPage","@id":"https:\/\/aquabrassxpress.com\/fr\/product\/must-floormount-tub-filler\/","url":"https:\/\/aquabrassxpress.com\/fr\/product\/must-floormount-tub-filler\/","name":"Must robinet de bain au sol avec douchette - Aquabrass Xpress","isPartOf":{"@id":"https:\/\/aquabrassxpress.com\/fr\/#website"},"primaryImageOfPage":{"@id":"https:\/\/aquabrassxpress.com\/fr\/product\/must-floormount-tub-filler\/#primaryimage"},"image":{"@id":"https:\/\/aquabrassxpress.com\/fr\/product\/must-floormount-tub-filler\/#primaryimage"},"thumbnailUrl":"https:\/\/aquabrassxpress.com\/wp-content\/uploads\/2024\/10\/56085_MUST_Floormount_tub_filler_with_handshower_PC-scaled.jpg","datePublished":"2024-10-29T15:28:08+00:00","dateModified":"2025-08-29T18:19:30+00:00","breadcrumb":{"@id":"https:\/\/aquabrassxpress.com\/fr\/product\/must-floormount-tub-filler\/#breadcrumb"},"inLanguage":"fr-CA","potentialAction":[{"@type":"ReadAction","target":["https:\/\/aquabrassxpress.com\/fr\/product\/must-floormount-tub-filler\/"]}]},{"@type":"ImageObject","inLanguage":"fr-CA","@id":"https:\/\/aquabrassxpress.com\/fr\/product\/must-floormount-tub-filler\/#primaryimage","url":"https:\/\/aquabrassxpress.com\/wp-content\/uploads\/2024\/10\/56085_MUST_Floormount_tub_filler_with_handshower_PC-scaled.jpg","contentUrl":"https:\/\/aquabrassxpress.com\/wp-content\/uploads\/2024\/10\/56085_MUST_Floormount_tub_filler_with_handshower_PC-scaled.jpg","width":2560,"height":2560},{"@type":"BreadcrumbList","@id":"https:\/\/aquabrassxpress.com\/fr\/product\/must-floormount-tub-filler\/#breadcrumb","itemListElement":[{"@type":"ListItem","position":1,"name":"Home","item":"https:\/\/aquabrassxpress.com\/fr\/"},{"@type":"ListItem","position":2,"name":"Shop","item":"https:\/\/aquabrassxpress.com\/shop\/"},{"@type":"ListItem","position":3,"name":"Must robinet de bain au sol avec douchette"}]},{"@type":"WebSite","@id":"https:\/\/aquabrassxpress.com\/fr\/#website","url":"https:\/\/aquabrassxpress.com\/fr\/","name":"Aquabrass Xpress","description":"","publisher":{"@id":"https:\/\/aquabrassxpress.com\/fr\/#organization"},"potentialAction":[{"@type":"SearchAction","target":{"@type":"EntryPoint","urlTemplate":"https:\/\/aquabrassxpress.com\/fr\/?s={search_term_string}"},"query-input":{"@type":"PropertyValueSpecification","valueRequired":true,"valueName":"search_term_string"}}],"inLanguage":"fr-CA"},{"@type":"Organization","@id":"https:\/\/aquabrassxpress.com\/fr\/#organization","name":"Aquabrass Xpress","url":"https:\/\/aquabrassxpress.com\/fr\/","logo":{"@type":"ImageObject","inLanguage":"fr-CA","@id":"https:\/\/aquabrassxpress.com\/fr\/#\/schema\/logo\/image\/","url":"https:\/\/aquabrassxpress.com\/wp-content\/uploads\/2024\/09\/logo.svg","contentUrl":"https:\/\/aquabrassxpress.com\/wp-content\/uploads\/2024\/09\/logo.svg","width":197,"height":36,"caption":"Aquabrass Xpress"},"image":{"@id":"https:\/\/aquabrassxpress.com\/fr\/#\/schema\/logo\/image\/"}}]}},"_links":{"self":[{"href":"https:\/\/aquabrassxpress.com\/fr\/wp-json\/wp\/v2\/product\/2995","targetHints":{"allow":["GET"]}}],"collection":[{"href":"https:\/\/aquabrassxpress.com\/fr\/wp-json\/wp\/v2\/product"}],"about":[{"href":"https:\/\/aquabrassxpress.com\/fr\/wp-json\/wp\/v2\/types\/product"}],"replies":[{"embeddable":true,"href":"https:\/\/aquabrassxpress.com\/fr\/wp-json\/wp\/v2\/comments?post=2995"}],"wp:featuredmedia":[{"embeddable":true,"href":"https:\/\/aquabrassxpress.com\/fr\/wp-json\/wp\/v2\/media\/980"}],"wp:attachment":[{"href":"https:\/\/aquabrassxpress.com\/fr\/wp-json\/wp\/v2\/media?parent=2995"}],"wp:term":[{"taxonomy":"product_brand","embeddable":true,"href":"https:\/\/aquabrassxpress.com\/fr\/wp-json\/wp\/v2\/product_brand?post=2995"},{"taxonomy":"product_cat","embeddable":true,"href":"https:\/\/aquabrassxpress.com\/fr\/wp-json\/wp\/v2\/product_cat?post=2995"},{"taxonomy":"product_tag","embeddable":true,"href":"https:\/\/aquabrassxpress.com\/fr\/wp-json\/wp\/v2\/product_tag?post=2995"}],"curies":[{"name":"wp","href":"https:\/\/api.w.org\/{rel}","templated":true}]}}