{"id":3124,"date":"2024-11-20T14:13:27","date_gmt":"2024-11-20T14:13:27","guid":{"rendered":"https:\/\/aquabrassxpress.com\/product\/garniture-de-douche-caree-3-voies-non-partagees\/"},"modified":"2025-08-29T20:21:19","modified_gmt":"2025-08-29T20:21:19","slug":"garniture-de-douche-caree-3-voies-non-partagees","status":"publish","type":"product","link":"https:\/\/aquabrassxpress.com\/fr\/product\/garniture-de-douche-caree-3-voies-non-partagees\/","title":{"rendered":"Garniture de douche car\u00e9e 3 voies non-partag\u00e9es"},"content":{"rendered":"<ul>\n<li style=\"text-align: left;\">Garniture carr\u00e9e en m\u00e9tal massif<\/li>\n<li style=\"text-align: left;\">Contr\u00f4le de la temp\u00e9rature par une seule poign\u00e9e<\/li>\n<li style=\"text-align: left;\">Fluehs Cartouche de d\u00e9rivation de fabrication allemande incluse<\/li>\n<li style=\"text-align: left;\">2 ensembles de poign\u00e9es inclus<\/li>\n<li style=\"text-align: left;\">Valve thermostatique XPress non incluse (<a href=\"https:\/\/aquabrassxpress.com\/fr\/product\/brut-de-valve-thermostatique-xpress\/\">#90801<\/a>)<\/li>\n<\/ul>\n","protected":false},"excerpt":{"rendered":"<p>Garniture carr\u00e9e en m\u00e9tal massif Contr\u00f4le de la temp\u00e9rature par une seule poign\u00e9e Fluehs Cartouche de d\u00e9rivation de fabrication allemande incluse 2 ensembles de poign\u00e9es inclus Valve thermostatique XPress non incluse (#90801)<\/p>\n","protected":false},"featured_media":2687,"comment_status":"open","ping_status":"closed","template":"","meta":{"_acf_changed":false,"inline_featured_image":false},"product_brand":[],"product_cat":[103,93],"product_tag":[],"class_list":{"0":"post-3124","1":"product","2":"type-product","3":"status-publish","4":"has-post-thumbnail","6":"product_cat-build-your-own-shower-fr","7":"product_cat-all-categories-fr","9":"first","10":"instock","11":"shipping-taxable","12":"purchasable","13":"product-type-variable"},"acf":[],"yoast_head":"<!-- This site is optimized with the Yoast SEO plugin v24.2 - https:\/\/yoast.com\/wordpress\/plugins\/seo\/ -->\n<title>Garniture de douche car\u00e9e 3 voies non-partag\u00e9es - Aquabrass Xpress<\/title>\n<meta name=\"robots\" content=\"index, follow, max-snippet:-1, max-image-preview:large, max-video-preview:-1\" \/>\n<link rel=\"canonical\" href=\"https:\/\/aquabrassxpress.com\/fr\/product\/garniture-de-douche-caree-3-voies-non-partagees\/\" \/>\n<meta property=\"og:locale\" content=\"fr_CA\" \/>\n<meta property=\"og:type\" content=\"article\" \/>\n<meta property=\"og:title\" content=\"Garniture de douche car\u00e9e 3 voies non-partag\u00e9es - Aquabrass Xpress\" \/>\n<meta property=\"og:description\" content=\"Garniture carr\u00e9e en m\u00e9tal massif Contr\u00f4le de la temp\u00e9rature par une seule poign\u00e9e Fluehs Cartouche de d\u00e9rivation de fabrication allemande incluse 2 ensembles de poign\u00e9es inclus Valve thermostatique XPress non incluse (#90801)\" \/>\n<meta property=\"og:url\" content=\"https:\/\/aquabrassxpress.com\/fr\/product\/garniture-de-douche-caree-3-voies-non-partagees\/\" \/>\n<meta property=\"og:site_name\" content=\"Aquabrass Xpress\" \/>\n<meta property=\"article:modified_time\" content=\"2025-08-29T20:21:19+00:00\" \/>\n<meta property=\"og:image\" content=\"https:\/\/aquabrassxpress.com\/wp-content\/uploads\/2024\/11\/XPS8295-XPS9295-XPS8395-XPS9395_5_SQUARE_TRIMSET_2-WAY_SHARED_-90801_VALVE_PC-scaled.jpg\" \/>\n\t<meta property=\"og:image:width\" content=\"2560\" \/>\n\t<meta property=\"og:image:height\" content=\"2560\" \/>\n\t<meta property=\"og:image:type\" content=\"image\/jpeg\" \/>\n<meta name=\"twitter:card\" content=\"summary_large_image\" \/>\n<meta name=\"twitter:label1\" content=\"Est. reading time\" \/>\n\t<meta name=\"twitter:data1\" content=\"1 minute\" \/>\n<script type=\"application\/ld+json\" class=\"yoast-schema-graph\">{\"@context\":\"https:\/\/schema.org\",\"@graph\":[{\"@type\":\"WebPage\",\"@id\":\"https:\/\/aquabrassxpress.com\/fr\/product\/garniture-de-douche-caree-3-voies-non-partagees\/\",\"url\":\"https:\/\/aquabrassxpress.com\/fr\/product\/garniture-de-douche-caree-3-voies-non-partagees\/\",\"name\":\"Garniture de douche car\u00e9e 3 voies non-partag\u00e9es - Aquabrass Xpress\",\"isPartOf\":{\"@id\":\"https:\/\/aquabrassxpress.com\/fr\/#website\"},\"primaryImageOfPage\":{\"@id\":\"https:\/\/aquabrassxpress.com\/fr\/product\/garniture-de-douche-caree-3-voies-non-partagees\/#primaryimage\"},\"image\":{\"@id\":\"https:\/\/aquabrassxpress.com\/fr\/product\/garniture-de-douche-caree-3-voies-non-partagees\/#primaryimage\"},\"thumbnailUrl\":\"https:\/\/aquabrassxpress.com\/wp-content\/uploads\/2024\/11\/XPS8295-XPS9295-XPS8395-XPS9395_5_SQUARE_TRIMSET_2-WAY_SHARED_-90801_VALVE_PC-scaled.jpg\",\"datePublished\":\"2024-11-20T14:13:27+00:00\",\"dateModified\":\"2025-08-29T20:21:19+00:00\",\"breadcrumb\":{\"@id\":\"https:\/\/aquabrassxpress.com\/fr\/product\/garniture-de-douche-caree-3-voies-non-partagees\/#breadcrumb\"},\"inLanguage\":\"fr-CA\",\"potentialAction\":[{\"@type\":\"ReadAction\",\"target\":[\"https:\/\/aquabrassxpress.com\/fr\/product\/garniture-de-douche-caree-3-voies-non-partagees\/\"]}]},{\"@type\":\"ImageObject\",\"inLanguage\":\"fr-CA\",\"@id\":\"https:\/\/aquabrassxpress.com\/fr\/product\/garniture-de-douche-caree-3-voies-non-partagees\/#primaryimage\",\"url\":\"https:\/\/aquabrassxpress.com\/wp-content\/uploads\/2024\/11\/XPS8295-XPS9295-XPS8395-XPS9395_5_SQUARE_TRIMSET_2-WAY_SHARED_-90801_VALVE_PC-scaled.jpg\",\"contentUrl\":\"https:\/\/aquabrassxpress.com\/wp-content\/uploads\/2024\/11\/XPS8295-XPS9295-XPS8395-XPS9395_5_SQUARE_TRIMSET_2-WAY_SHARED_-90801_VALVE_PC-scaled.jpg\",\"width\":2560,\"height\":2560},{\"@type\":\"BreadcrumbList\",\"@id\":\"https:\/\/aquabrassxpress.com\/fr\/product\/garniture-de-douche-caree-3-voies-non-partagees\/#breadcrumb\",\"itemListElement\":[{\"@type\":\"ListItem\",\"position\":1,\"name\":\"Home\",\"item\":\"https:\/\/aquabrassxpress.com\/fr\/\"},{\"@type\":\"ListItem\",\"position\":2,\"name\":\"Shop\",\"item\":\"https:\/\/aquabrassxpress.com\/shop\/\"},{\"@type\":\"ListItem\",\"position\":3,\"name\":\"Garniture de douche car\u00e9e 3 voies non-partag\u00e9es\"}]},{\"@type\":\"WebSite\",\"@id\":\"https:\/\/aquabrassxpress.com\/fr\/#website\",\"url\":\"https:\/\/aquabrassxpress.com\/fr\/\",\"name\":\"Aquabrass Xpress\",\"description\":\"\",\"publisher\":{\"@id\":\"https:\/\/aquabrassxpress.com\/fr\/#organization\"},\"potentialAction\":[{\"@type\":\"SearchAction\",\"target\":{\"@type\":\"EntryPoint\",\"urlTemplate\":\"https:\/\/aquabrassxpress.com\/fr\/?s={search_term_string}\"},\"query-input\":{\"@type\":\"PropertyValueSpecification\",\"valueRequired\":true,\"valueName\":\"search_term_string\"}}],\"inLanguage\":\"fr-CA\"},{\"@type\":\"Organization\",\"@id\":\"https:\/\/aquabrassxpress.com\/fr\/#organization\",\"name\":\"Aquabrass Xpress\",\"url\":\"https:\/\/aquabrassxpress.com\/fr\/\",\"logo\":{\"@type\":\"ImageObject\",\"inLanguage\":\"fr-CA\",\"@id\":\"https:\/\/aquabrassxpress.com\/fr\/#\/schema\/logo\/image\/\",\"url\":\"https:\/\/aquabrassxpress.com\/wp-content\/uploads\/2024\/09\/logo.svg\",\"contentUrl\":\"https:\/\/aquabrassxpress.com\/wp-content\/uploads\/2024\/09\/logo.svg\",\"width\":197,\"height\":36,\"caption\":\"Aquabrass Xpress\"},\"image\":{\"@id\":\"https:\/\/aquabrassxpress.com\/fr\/#\/schema\/logo\/image\/\"}}]}<\/script>\n<!-- \/ Yoast SEO plugin. -->","yoast_head_json":{"title":"Garniture de douche car\u00e9e 3 voies non-partag\u00e9es - Aquabrass Xpress","robots":{"index":"index","follow":"follow","max-snippet":"max-snippet:-1","max-image-preview":"max-image-preview:large","max-video-preview":"max-video-preview:-1"},"canonical":"https:\/\/aquabrassxpress.com\/fr\/product\/garniture-de-douche-caree-3-voies-non-partagees\/","og_locale":"fr_CA","og_type":"article","og_title":"Garniture de douche car\u00e9e 3 voies non-partag\u00e9es - Aquabrass Xpress","og_description":"Garniture carr\u00e9e en m\u00e9tal massif Contr\u00f4le de la temp\u00e9rature par une seule poign\u00e9e Fluehs Cartouche de d\u00e9rivation de fabrication allemande incluse 2 ensembles de poign\u00e9es inclus Valve thermostatique XPress non incluse (#90801)","og_url":"https:\/\/aquabrassxpress.com\/fr\/product\/garniture-de-douche-caree-3-voies-non-partagees\/","og_site_name":"Aquabrass Xpress","article_modified_time":"2025-08-29T20:21:19+00:00","og_image":[{"width":2560,"height":2560,"url":"https:\/\/aquabrassxpress.com\/wp-content\/uploads\/2024\/11\/XPS8295-XPS9295-XPS8395-XPS9395_5_SQUARE_TRIMSET_2-WAY_SHARED_-90801_VALVE_PC-scaled.jpg","type":"image\/jpeg"}],"twitter_card":"summary_large_image","twitter_misc":{"Est. reading time":"1 minute"},"schema":{"@context":"https:\/\/schema.org","@graph":[{"@type":"WebPage","@id":"https:\/\/aquabrassxpress.com\/fr\/product\/garniture-de-douche-caree-3-voies-non-partagees\/","url":"https:\/\/aquabrassxpress.com\/fr\/product\/garniture-de-douche-caree-3-voies-non-partagees\/","name":"Garniture de douche car\u00e9e 3 voies non-partag\u00e9es - Aquabrass Xpress","isPartOf":{"@id":"https:\/\/aquabrassxpress.com\/fr\/#website"},"primaryImageOfPage":{"@id":"https:\/\/aquabrassxpress.com\/fr\/product\/garniture-de-douche-caree-3-voies-non-partagees\/#primaryimage"},"image":{"@id":"https:\/\/aquabrassxpress.com\/fr\/product\/garniture-de-douche-caree-3-voies-non-partagees\/#primaryimage"},"thumbnailUrl":"https:\/\/aquabrassxpress.com\/wp-content\/uploads\/2024\/11\/XPS8295-XPS9295-XPS8395-XPS9395_5_SQUARE_TRIMSET_2-WAY_SHARED_-90801_VALVE_PC-scaled.jpg","datePublished":"2024-11-20T14:13:27+00:00","dateModified":"2025-08-29T20:21:19+00:00","breadcrumb":{"@id":"https:\/\/aquabrassxpress.com\/fr\/product\/garniture-de-douche-caree-3-voies-non-partagees\/#breadcrumb"},"inLanguage":"fr-CA","potentialAction":[{"@type":"ReadAction","target":["https:\/\/aquabrassxpress.com\/fr\/product\/garniture-de-douche-caree-3-voies-non-partagees\/"]}]},{"@type":"ImageObject","inLanguage":"fr-CA","@id":"https:\/\/aquabrassxpress.com\/fr\/product\/garniture-de-douche-caree-3-voies-non-partagees\/#primaryimage","url":"https:\/\/aquabrassxpress.com\/wp-content\/uploads\/2024\/11\/XPS8295-XPS9295-XPS8395-XPS9395_5_SQUARE_TRIMSET_2-WAY_SHARED_-90801_VALVE_PC-scaled.jpg","contentUrl":"https:\/\/aquabrassxpress.com\/wp-content\/uploads\/2024\/11\/XPS8295-XPS9295-XPS8395-XPS9395_5_SQUARE_TRIMSET_2-WAY_SHARED_-90801_VALVE_PC-scaled.jpg","width":2560,"height":2560},{"@type":"BreadcrumbList","@id":"https:\/\/aquabrassxpress.com\/fr\/product\/garniture-de-douche-caree-3-voies-non-partagees\/#breadcrumb","itemListElement":[{"@type":"ListItem","position":1,"name":"Home","item":"https:\/\/aquabrassxpress.com\/fr\/"},{"@type":"ListItem","position":2,"name":"Shop","item":"https:\/\/aquabrassxpress.com\/shop\/"},{"@type":"ListItem","position":3,"name":"Garniture de douche car\u00e9e 3 voies non-partag\u00e9es"}]},{"@type":"WebSite","@id":"https:\/\/aquabrassxpress.com\/fr\/#website","url":"https:\/\/aquabrassxpress.com\/fr\/","name":"Aquabrass Xpress","description":"","publisher":{"@id":"https:\/\/aquabrassxpress.com\/fr\/#organization"},"potentialAction":[{"@type":"SearchAction","target":{"@type":"EntryPoint","urlTemplate":"https:\/\/aquabrassxpress.com\/fr\/?s={search_term_string}"},"query-input":{"@type":"PropertyValueSpecification","valueRequired":true,"valueName":"search_term_string"}}],"inLanguage":"fr-CA"},{"@type":"Organization","@id":"https:\/\/aquabrassxpress.com\/fr\/#organization","name":"Aquabrass Xpress","url":"https:\/\/aquabrassxpress.com\/fr\/","logo":{"@type":"ImageObject","inLanguage":"fr-CA","@id":"https:\/\/aquabrassxpress.com\/fr\/#\/schema\/logo\/image\/","url":"https:\/\/aquabrassxpress.com\/wp-content\/uploads\/2024\/09\/logo.svg","contentUrl":"https:\/\/aquabrassxpress.com\/wp-content\/uploads\/2024\/09\/logo.svg","width":197,"height":36,"caption":"Aquabrass Xpress"},"image":{"@id":"https:\/\/aquabrassxpress.com\/fr\/#\/schema\/logo\/image\/"}}]}},"_links":{"self":[{"href":"https:\/\/aquabrassxpress.com\/fr\/wp-json\/wp\/v2\/product\/3124","targetHints":{"allow":["GET"]}}],"collection":[{"href":"https:\/\/aquabrassxpress.com\/fr\/wp-json\/wp\/v2\/product"}],"about":[{"href":"https:\/\/aquabrassxpress.com\/fr\/wp-json\/wp\/v2\/types\/product"}],"replies":[{"embeddable":true,"href":"https:\/\/aquabrassxpress.com\/fr\/wp-json\/wp\/v2\/comments?post=3124"}],"wp:featuredmedia":[{"embeddable":true,"href":"https:\/\/aquabrassxpress.com\/fr\/wp-json\/wp\/v2\/media\/2687"}],"wp:attachment":[{"href":"https:\/\/aquabrassxpress.com\/fr\/wp-json\/wp\/v2\/media?parent=3124"}],"wp:term":[{"taxonomy":"product_brand","embeddable":true,"href":"https:\/\/aquabrassxpress.com\/fr\/wp-json\/wp\/v2\/product_brand?post=3124"},{"taxonomy":"product_cat","embeddable":true,"href":"https:\/\/aquabrassxpress.com\/fr\/wp-json\/wp\/v2\/product_cat?post=3124"},{"taxonomy":"product_tag","embeddable":true,"href":"https:\/\/aquabrassxpress.com\/fr\/wp-json\/wp\/v2\/product_tag?post=3124"}],"curies":[{"name":"wp","href":"https:\/\/api.w.org\/{rel}","templated":true}]}}