{"id":3136,"date":"2024-11-12T20:29:53","date_gmt":"2024-11-12T20:29:53","guid":{"rendered":"https:\/\/aquabrassxpress.com\/product\/bec-de-bain-must\/"},"modified":"2025-09-02T13:55:20","modified_gmt":"2025-09-02T13:55:20","slug":"bec-de-bain-must","status":"publish","type":"product","link":"https:\/\/aquabrassxpress.com\/fr\/product\/bec-de-bain-must\/","title":{"rendered":"Bec de bain MUST"},"content":{"rendered":"<ul>\n<li style=\"text-align: left;\">Laiton massif<\/li>\n<li style=\"text-align: left;\">Jet d\u2019eau cristallin (a\u00e9rateur laminaire)<\/li>\n<li style=\"text-align: left;\">Bec sans inverseur<\/li>\n<li style=\"text-align: left;\">Entr\u00e9e \u00e0 embo\u00eetement 1\/2<\/li>\n<li style=\"text-align: left;\">D\u00e9bit d\u2019eau: varie selon la capacit\u00e9 de la valve utilis\u00e9e<\/li>\n<\/ul>\n","protected":false},"excerpt":{"rendered":"<p>Laiton massif Jet d\u2019eau cristallin (a\u00e9rateur laminaire) Bec sans inverseur Entr\u00e9e \u00e0 embo\u00eetement 1\/2 D\u00e9bit d\u2019eau: varie selon la capacit\u00e9 de la valve utilis\u00e9e<\/p>\n","protected":false},"featured_media":2433,"comment_status":"open","ping_status":"closed","template":"","meta":{"_acf_changed":false,"inline_featured_image":false},"product_brand":[],"product_cat":[103,97,93],"product_tag":[],"class_list":{"0":"post-3136","1":"product","2":"type-product","3":"status-publish","4":"has-post-thumbnail","6":"product_cat-build-your-own-shower-fr","7":"product_cat-must-fr","8":"product_cat-all-categories-fr","10":"first","11":"instock","12":"shipping-taxable","13":"purchasable","14":"product-type-variable"},"acf":[],"yoast_head":"<!-- This site is optimized with the Yoast SEO plugin v24.2 - https:\/\/yoast.com\/wordpress\/plugins\/seo\/ -->\n<title>Bec de bain MUST - Aquabrass Xpress<\/title>\n<meta name=\"robots\" content=\"index, follow, max-snippet:-1, max-image-preview:large, max-video-preview:-1\" \/>\n<link rel=\"canonical\" href=\"https:\/\/aquabrassxpress.com\/fr\/product\/bec-de-bain-must\/\" \/>\n<meta property=\"og:locale\" content=\"fr_CA\" \/>\n<meta property=\"og:type\" content=\"article\" \/>\n<meta property=\"og:title\" content=\"Bec de bain MUST - Aquabrass Xpress\" \/>\n<meta property=\"og:description\" content=\"Laiton massif Jet d\u2019eau cristallin (a\u00e9rateur laminaire) Bec sans inverseur Entr\u00e9e \u00e0 embo\u00eetement 1\/2 D\u00e9bit d\u2019eau: varie selon la capacit\u00e9 de la valve utilis\u00e9e\" \/>\n<meta property=\"og:url\" content=\"https:\/\/aquabrassxpress.com\/fr\/product\/bec-de-bain-must\/\" \/>\n<meta property=\"og:site_name\" content=\"Aquabrass Xpress\" \/>\n<meta property=\"article:modified_time\" content=\"2025-09-02T13:55:20+00:00\" \/>\n<meta property=\"og:image\" content=\"https:\/\/aquabrassxpress.com\/wp-content\/uploads\/2024\/11\/56N32_MUST_TUB_SPOUT_WITHOUT_DIVERTER_PC-scaled.jpg\" \/>\n\t<meta property=\"og:image:width\" content=\"2560\" \/>\n\t<meta property=\"og:image:height\" content=\"2560\" \/>\n\t<meta property=\"og:image:type\" content=\"image\/jpeg\" \/>\n<meta name=\"twitter:card\" content=\"summary_large_image\" \/>\n<meta name=\"twitter:label1\" content=\"Est. reading time\" \/>\n\t<meta name=\"twitter:data1\" content=\"1 minute\" \/>\n<script type=\"application\/ld+json\" class=\"yoast-schema-graph\">{\"@context\":\"https:\/\/schema.org\",\"@graph\":[{\"@type\":\"WebPage\",\"@id\":\"https:\/\/aquabrassxpress.com\/fr\/product\/bec-de-bain-must\/\",\"url\":\"https:\/\/aquabrassxpress.com\/fr\/product\/bec-de-bain-must\/\",\"name\":\"Bec de bain MUST - Aquabrass Xpress\",\"isPartOf\":{\"@id\":\"https:\/\/aquabrassxpress.com\/fr\/#website\"},\"primaryImageOfPage\":{\"@id\":\"https:\/\/aquabrassxpress.com\/fr\/product\/bec-de-bain-must\/#primaryimage\"},\"image\":{\"@id\":\"https:\/\/aquabrassxpress.com\/fr\/product\/bec-de-bain-must\/#primaryimage\"},\"thumbnailUrl\":\"https:\/\/aquabrassxpress.com\/wp-content\/uploads\/2024\/11\/56N32_MUST_TUB_SPOUT_WITHOUT_DIVERTER_PC-scaled.jpg\",\"datePublished\":\"2024-11-12T20:29:53+00:00\",\"dateModified\":\"2025-09-02T13:55:20+00:00\",\"breadcrumb\":{\"@id\":\"https:\/\/aquabrassxpress.com\/fr\/product\/bec-de-bain-must\/#breadcrumb\"},\"inLanguage\":\"fr-CA\",\"potentialAction\":[{\"@type\":\"ReadAction\",\"target\":[\"https:\/\/aquabrassxpress.com\/fr\/product\/bec-de-bain-must\/\"]}]},{\"@type\":\"ImageObject\",\"inLanguage\":\"fr-CA\",\"@id\":\"https:\/\/aquabrassxpress.com\/fr\/product\/bec-de-bain-must\/#primaryimage\",\"url\":\"https:\/\/aquabrassxpress.com\/wp-content\/uploads\/2024\/11\/56N32_MUST_TUB_SPOUT_WITHOUT_DIVERTER_PC-scaled.jpg\",\"contentUrl\":\"https:\/\/aquabrassxpress.com\/wp-content\/uploads\/2024\/11\/56N32_MUST_TUB_SPOUT_WITHOUT_DIVERTER_PC-scaled.jpg\",\"width\":2560,\"height\":2560},{\"@type\":\"BreadcrumbList\",\"@id\":\"https:\/\/aquabrassxpress.com\/fr\/product\/bec-de-bain-must\/#breadcrumb\",\"itemListElement\":[{\"@type\":\"ListItem\",\"position\":1,\"name\":\"Home\",\"item\":\"https:\/\/aquabrassxpress.com\/fr\/\"},{\"@type\":\"ListItem\",\"position\":2,\"name\":\"Shop\",\"item\":\"https:\/\/aquabrassxpress.com\/shop\/\"},{\"@type\":\"ListItem\",\"position\":3,\"name\":\"Bec de bain MUST\"}]},{\"@type\":\"WebSite\",\"@id\":\"https:\/\/aquabrassxpress.com\/fr\/#website\",\"url\":\"https:\/\/aquabrassxpress.com\/fr\/\",\"name\":\"Aquabrass Xpress\",\"description\":\"\",\"publisher\":{\"@id\":\"https:\/\/aquabrassxpress.com\/fr\/#organization\"},\"potentialAction\":[{\"@type\":\"SearchAction\",\"target\":{\"@type\":\"EntryPoint\",\"urlTemplate\":\"https:\/\/aquabrassxpress.com\/fr\/?s={search_term_string}\"},\"query-input\":{\"@type\":\"PropertyValueSpecification\",\"valueRequired\":true,\"valueName\":\"search_term_string\"}}],\"inLanguage\":\"fr-CA\"},{\"@type\":\"Organization\",\"@id\":\"https:\/\/aquabrassxpress.com\/fr\/#organization\",\"name\":\"Aquabrass Xpress\",\"url\":\"https:\/\/aquabrassxpress.com\/fr\/\",\"logo\":{\"@type\":\"ImageObject\",\"inLanguage\":\"fr-CA\",\"@id\":\"https:\/\/aquabrassxpress.com\/fr\/#\/schema\/logo\/image\/\",\"url\":\"https:\/\/aquabrassxpress.com\/wp-content\/uploads\/2024\/09\/logo.svg\",\"contentUrl\":\"https:\/\/aquabrassxpress.com\/wp-content\/uploads\/2024\/09\/logo.svg\",\"width\":197,\"height\":36,\"caption\":\"Aquabrass Xpress\"},\"image\":{\"@id\":\"https:\/\/aquabrassxpress.com\/fr\/#\/schema\/logo\/image\/\"}}]}<\/script>\n<!-- \/ Yoast SEO plugin. -->","yoast_head_json":{"title":"Bec de bain MUST - Aquabrass Xpress","robots":{"index":"index","follow":"follow","max-snippet":"max-snippet:-1","max-image-preview":"max-image-preview:large","max-video-preview":"max-video-preview:-1"},"canonical":"https:\/\/aquabrassxpress.com\/fr\/product\/bec-de-bain-must\/","og_locale":"fr_CA","og_type":"article","og_title":"Bec de bain MUST - Aquabrass Xpress","og_description":"Laiton massif Jet d\u2019eau cristallin (a\u00e9rateur laminaire) Bec sans inverseur Entr\u00e9e \u00e0 embo\u00eetement 1\/2 D\u00e9bit d\u2019eau: varie selon la capacit\u00e9 de la valve utilis\u00e9e","og_url":"https:\/\/aquabrassxpress.com\/fr\/product\/bec-de-bain-must\/","og_site_name":"Aquabrass Xpress","article_modified_time":"2025-09-02T13:55:20+00:00","og_image":[{"width":2560,"height":2560,"url":"https:\/\/aquabrassxpress.com\/wp-content\/uploads\/2024\/11\/56N32_MUST_TUB_SPOUT_WITHOUT_DIVERTER_PC-scaled.jpg","type":"image\/jpeg"}],"twitter_card":"summary_large_image","twitter_misc":{"Est. reading time":"1 minute"},"schema":{"@context":"https:\/\/schema.org","@graph":[{"@type":"WebPage","@id":"https:\/\/aquabrassxpress.com\/fr\/product\/bec-de-bain-must\/","url":"https:\/\/aquabrassxpress.com\/fr\/product\/bec-de-bain-must\/","name":"Bec de bain MUST - Aquabrass Xpress","isPartOf":{"@id":"https:\/\/aquabrassxpress.com\/fr\/#website"},"primaryImageOfPage":{"@id":"https:\/\/aquabrassxpress.com\/fr\/product\/bec-de-bain-must\/#primaryimage"},"image":{"@id":"https:\/\/aquabrassxpress.com\/fr\/product\/bec-de-bain-must\/#primaryimage"},"thumbnailUrl":"https:\/\/aquabrassxpress.com\/wp-content\/uploads\/2024\/11\/56N32_MUST_TUB_SPOUT_WITHOUT_DIVERTER_PC-scaled.jpg","datePublished":"2024-11-12T20:29:53+00:00","dateModified":"2025-09-02T13:55:20+00:00","breadcrumb":{"@id":"https:\/\/aquabrassxpress.com\/fr\/product\/bec-de-bain-must\/#breadcrumb"},"inLanguage":"fr-CA","potentialAction":[{"@type":"ReadAction","target":["https:\/\/aquabrassxpress.com\/fr\/product\/bec-de-bain-must\/"]}]},{"@type":"ImageObject","inLanguage":"fr-CA","@id":"https:\/\/aquabrassxpress.com\/fr\/product\/bec-de-bain-must\/#primaryimage","url":"https:\/\/aquabrassxpress.com\/wp-content\/uploads\/2024\/11\/56N32_MUST_TUB_SPOUT_WITHOUT_DIVERTER_PC-scaled.jpg","contentUrl":"https:\/\/aquabrassxpress.com\/wp-content\/uploads\/2024\/11\/56N32_MUST_TUB_SPOUT_WITHOUT_DIVERTER_PC-scaled.jpg","width":2560,"height":2560},{"@type":"BreadcrumbList","@id":"https:\/\/aquabrassxpress.com\/fr\/product\/bec-de-bain-must\/#breadcrumb","itemListElement":[{"@type":"ListItem","position":1,"name":"Home","item":"https:\/\/aquabrassxpress.com\/fr\/"},{"@type":"ListItem","position":2,"name":"Shop","item":"https:\/\/aquabrassxpress.com\/shop\/"},{"@type":"ListItem","position":3,"name":"Bec de bain MUST"}]},{"@type":"WebSite","@id":"https:\/\/aquabrassxpress.com\/fr\/#website","url":"https:\/\/aquabrassxpress.com\/fr\/","name":"Aquabrass Xpress","description":"","publisher":{"@id":"https:\/\/aquabrassxpress.com\/fr\/#organization"},"potentialAction":[{"@type":"SearchAction","target":{"@type":"EntryPoint","urlTemplate":"https:\/\/aquabrassxpress.com\/fr\/?s={search_term_string}"},"query-input":{"@type":"PropertyValueSpecification","valueRequired":true,"valueName":"search_term_string"}}],"inLanguage":"fr-CA"},{"@type":"Organization","@id":"https:\/\/aquabrassxpress.com\/fr\/#organization","name":"Aquabrass Xpress","url":"https:\/\/aquabrassxpress.com\/fr\/","logo":{"@type":"ImageObject","inLanguage":"fr-CA","@id":"https:\/\/aquabrassxpress.com\/fr\/#\/schema\/logo\/image\/","url":"https:\/\/aquabrassxpress.com\/wp-content\/uploads\/2024\/09\/logo.svg","contentUrl":"https:\/\/aquabrassxpress.com\/wp-content\/uploads\/2024\/09\/logo.svg","width":197,"height":36,"caption":"Aquabrass Xpress"},"image":{"@id":"https:\/\/aquabrassxpress.com\/fr\/#\/schema\/logo\/image\/"}}]}},"_links":{"self":[{"href":"https:\/\/aquabrassxpress.com\/fr\/wp-json\/wp\/v2\/product\/3136","targetHints":{"allow":["GET"]}}],"collection":[{"href":"https:\/\/aquabrassxpress.com\/fr\/wp-json\/wp\/v2\/product"}],"about":[{"href":"https:\/\/aquabrassxpress.com\/fr\/wp-json\/wp\/v2\/types\/product"}],"replies":[{"embeddable":true,"href":"https:\/\/aquabrassxpress.com\/fr\/wp-json\/wp\/v2\/comments?post=3136"}],"wp:featuredmedia":[{"embeddable":true,"href":"https:\/\/aquabrassxpress.com\/fr\/wp-json\/wp\/v2\/media\/2433"}],"wp:attachment":[{"href":"https:\/\/aquabrassxpress.com\/fr\/wp-json\/wp\/v2\/media?parent=3136"}],"wp:term":[{"taxonomy":"product_brand","embeddable":true,"href":"https:\/\/aquabrassxpress.com\/fr\/wp-json\/wp\/v2\/product_brand?post=3136"},{"taxonomy":"product_cat","embeddable":true,"href":"https:\/\/aquabrassxpress.com\/fr\/wp-json\/wp\/v2\/product_cat?post=3136"},{"taxonomy":"product_tag","embeddable":true,"href":"https:\/\/aquabrassxpress.com\/fr\/wp-json\/wp\/v2\/product_tag?post=3136"}],"curies":[{"name":"wp","href":"https:\/\/api.w.org\/{rel}","templated":true}]}}