{"id":3142,"date":"2024-11-12T20:29:26","date_gmt":"2024-11-12T20:29:26","guid":{"rendered":"https:\/\/aquabrassxpress.com\/product\/rail-de-douche-carre-complet\/"},"modified":"2025-09-02T14:39:28","modified_gmt":"2025-09-02T14:39:28","slug":"rail-de-douche-carre-complet","status":"publish","type":"product","link":"https:\/\/aquabrassxpress.com\/fr\/product\/rail-de-douche-carre-complet\/","title":{"rendered":"Rail de douche carr\u00e9 complet"},"content":{"rendered":"<ul>\n<li>Rail rond avec curseur en metal, r\u00e9glable et orientable<\/li>\n<li>Barre en metal (acier inoxydable)<\/li>\n<li>Boyau \u00e9tirable de 5\u2019 \u00e0 6\u2019 en laiton tress\u00e9<\/li>\n<li>ANTI-TORTILLEMENT &#8211; un roulement \u00e0 bille inclus<\/li>\n<li>Raccordement 1\/2\u201d<\/li>\n<li>3 jets: pluie \/ pluie-brume \/ brume<\/li>\n<li>D\u00e9bit d\u2019eau: 1.8 gpm<\/li>\n<\/ul>\n","protected":false},"excerpt":{"rendered":"<p>Rail rond avec curseur en metal, r\u00e9glable et orientable Barre en metal (acier inoxydable) Boyau \u00e9tirable de 5\u2019 \u00e0 6\u2019 en laiton tress\u00e9 ANTI-TORTILLEMENT &#8211; un roulement \u00e0 bille inclus Raccordement 1\/2\u201d 3 jets: pluie \/ pluie-brume \/ brume D\u00e9bit d\u2019eau: 1.8 gpm<\/p>\n","protected":false},"featured_media":2334,"comment_status":"open","ping_status":"closed","template":"","meta":{"_acf_changed":false,"inline_featured_image":false},"product_brand":[],"product_cat":[93,103],"product_tag":[],"class_list":{"0":"post-3142","1":"product","2":"type-product","3":"status-publish","4":"has-post-thumbnail","6":"product_cat-all-categories-fr","7":"product_cat-build-your-own-shower-fr","9":"first","10":"instock","11":"shipping-taxable","12":"purchasable","13":"product-type-variable"},"acf":[],"yoast_head":"<!-- This site is optimized with the Yoast SEO plugin v24.2 - https:\/\/yoast.com\/wordpress\/plugins\/seo\/ -->\n<title>Rail de douche carr\u00e9 complet - Aquabrass Xpress<\/title>\n<meta name=\"robots\" content=\"index, follow, max-snippet:-1, max-image-preview:large, max-video-preview:-1\" \/>\n<link rel=\"canonical\" href=\"https:\/\/aquabrassxpress.com\/fr\/product\/rail-de-douche-carre-complet\/\" \/>\n<meta property=\"og:locale\" content=\"fr_CA\" \/>\n<meta property=\"og:type\" content=\"article\" \/>\n<meta property=\"og:title\" content=\"Rail de douche carr\u00e9 complet - Aquabrass Xpress\" \/>\n<meta property=\"og:description\" content=\"Rail rond avec curseur en metal, r\u00e9glable et orientable Barre en metal (acier inoxydable) Boyau \u00e9tirable de 5\u2019 \u00e0 6\u2019 en laiton tress\u00e9 ANTI-TORTILLEMENT &#8211; un roulement \u00e0 bille inclus Raccordement 1\/2\u201d 3 jets: pluie \/ pluie-brume \/ brume D\u00e9bit d\u2019eau: 1.8 gpm\" \/>\n<meta property=\"og:url\" content=\"https:\/\/aquabrassxpress.com\/fr\/product\/rail-de-douche-carre-complet\/\" \/>\n<meta property=\"og:site_name\" content=\"Aquabrass Xpress\" \/>\n<meta property=\"article:modified_time\" content=\"2025-09-02T14:39:28+00:00\" \/>\n<meta property=\"og:image\" content=\"https:\/\/aquabrassxpress.com\/wp-content\/uploads\/2024\/11\/XPS94_COMPLETE_ROUND_SHOWER_RAIL-SQUARE_FLANGE_-_3_FNS_HANDSHOWER_PC-scaled.jpg\" \/>\n\t<meta property=\"og:image:width\" content=\"2560\" \/>\n\t<meta property=\"og:image:height\" content=\"2560\" \/>\n\t<meta property=\"og:image:type\" content=\"image\/jpeg\" \/>\n<meta name=\"twitter:card\" content=\"summary_large_image\" \/>\n<meta name=\"twitter:label1\" content=\"Est. reading time\" \/>\n\t<meta name=\"twitter:data1\" content=\"1 minute\" \/>\n<script type=\"application\/ld+json\" class=\"yoast-schema-graph\">{\"@context\":\"https:\/\/schema.org\",\"@graph\":[{\"@type\":\"WebPage\",\"@id\":\"https:\/\/aquabrassxpress.com\/fr\/product\/rail-de-douche-carre-complet\/\",\"url\":\"https:\/\/aquabrassxpress.com\/fr\/product\/rail-de-douche-carre-complet\/\",\"name\":\"Rail de douche carr\u00e9 complet - Aquabrass Xpress\",\"isPartOf\":{\"@id\":\"https:\/\/aquabrassxpress.com\/fr\/#website\"},\"primaryImageOfPage\":{\"@id\":\"https:\/\/aquabrassxpress.com\/fr\/product\/rail-de-douche-carre-complet\/#primaryimage\"},\"image\":{\"@id\":\"https:\/\/aquabrassxpress.com\/fr\/product\/rail-de-douche-carre-complet\/#primaryimage\"},\"thumbnailUrl\":\"https:\/\/aquabrassxpress.com\/wp-content\/uploads\/2024\/11\/XPS94_COMPLETE_ROUND_SHOWER_RAIL-SQUARE_FLANGE_-_3_FNS_HANDSHOWER_PC-scaled.jpg\",\"datePublished\":\"2024-11-12T20:29:26+00:00\",\"dateModified\":\"2025-09-02T14:39:28+00:00\",\"breadcrumb\":{\"@id\":\"https:\/\/aquabrassxpress.com\/fr\/product\/rail-de-douche-carre-complet\/#breadcrumb\"},\"inLanguage\":\"fr-CA\",\"potentialAction\":[{\"@type\":\"ReadAction\",\"target\":[\"https:\/\/aquabrassxpress.com\/fr\/product\/rail-de-douche-carre-complet\/\"]}]},{\"@type\":\"ImageObject\",\"inLanguage\":\"fr-CA\",\"@id\":\"https:\/\/aquabrassxpress.com\/fr\/product\/rail-de-douche-carre-complet\/#primaryimage\",\"url\":\"https:\/\/aquabrassxpress.com\/wp-content\/uploads\/2024\/11\/XPS94_COMPLETE_ROUND_SHOWER_RAIL-SQUARE_FLANGE_-_3_FNS_HANDSHOWER_PC-scaled.jpg\",\"contentUrl\":\"https:\/\/aquabrassxpress.com\/wp-content\/uploads\/2024\/11\/XPS94_COMPLETE_ROUND_SHOWER_RAIL-SQUARE_FLANGE_-_3_FNS_HANDSHOWER_PC-scaled.jpg\",\"width\":2560,\"height\":2560},{\"@type\":\"BreadcrumbList\",\"@id\":\"https:\/\/aquabrassxpress.com\/fr\/product\/rail-de-douche-carre-complet\/#breadcrumb\",\"itemListElement\":[{\"@type\":\"ListItem\",\"position\":1,\"name\":\"Home\",\"item\":\"https:\/\/aquabrassxpress.com\/fr\/\"},{\"@type\":\"ListItem\",\"position\":2,\"name\":\"Shop\",\"item\":\"https:\/\/aquabrassxpress.com\/shop\/\"},{\"@type\":\"ListItem\",\"position\":3,\"name\":\"Rail de douche carr\u00e9 complet\"}]},{\"@type\":\"WebSite\",\"@id\":\"https:\/\/aquabrassxpress.com\/fr\/#website\",\"url\":\"https:\/\/aquabrassxpress.com\/fr\/\",\"name\":\"Aquabrass Xpress\",\"description\":\"\",\"publisher\":{\"@id\":\"https:\/\/aquabrassxpress.com\/fr\/#organization\"},\"potentialAction\":[{\"@type\":\"SearchAction\",\"target\":{\"@type\":\"EntryPoint\",\"urlTemplate\":\"https:\/\/aquabrassxpress.com\/fr\/?s={search_term_string}\"},\"query-input\":{\"@type\":\"PropertyValueSpecification\",\"valueRequired\":true,\"valueName\":\"search_term_string\"}}],\"inLanguage\":\"fr-CA\"},{\"@type\":\"Organization\",\"@id\":\"https:\/\/aquabrassxpress.com\/fr\/#organization\",\"name\":\"Aquabrass Xpress\",\"url\":\"https:\/\/aquabrassxpress.com\/fr\/\",\"logo\":{\"@type\":\"ImageObject\",\"inLanguage\":\"fr-CA\",\"@id\":\"https:\/\/aquabrassxpress.com\/fr\/#\/schema\/logo\/image\/\",\"url\":\"https:\/\/aquabrassxpress.com\/wp-content\/uploads\/2024\/09\/logo.svg\",\"contentUrl\":\"https:\/\/aquabrassxpress.com\/wp-content\/uploads\/2024\/09\/logo.svg\",\"width\":197,\"height\":36,\"caption\":\"Aquabrass Xpress\"},\"image\":{\"@id\":\"https:\/\/aquabrassxpress.com\/fr\/#\/schema\/logo\/image\/\"}}]}<\/script>\n<!-- \/ Yoast SEO plugin. -->","yoast_head_json":{"title":"Rail de douche carr\u00e9 complet - Aquabrass Xpress","robots":{"index":"index","follow":"follow","max-snippet":"max-snippet:-1","max-image-preview":"max-image-preview:large","max-video-preview":"max-video-preview:-1"},"canonical":"https:\/\/aquabrassxpress.com\/fr\/product\/rail-de-douche-carre-complet\/","og_locale":"fr_CA","og_type":"article","og_title":"Rail de douche carr\u00e9 complet - Aquabrass Xpress","og_description":"Rail rond avec curseur en metal, r\u00e9glable et orientable Barre en metal (acier inoxydable) Boyau \u00e9tirable de 5\u2019 \u00e0 6\u2019 en laiton tress\u00e9 ANTI-TORTILLEMENT &#8211; un roulement \u00e0 bille inclus Raccordement 1\/2\u201d 3 jets: pluie \/ pluie-brume \/ brume D\u00e9bit d\u2019eau: 1.8 gpm","og_url":"https:\/\/aquabrassxpress.com\/fr\/product\/rail-de-douche-carre-complet\/","og_site_name":"Aquabrass Xpress","article_modified_time":"2025-09-02T14:39:28+00:00","og_image":[{"width":2560,"height":2560,"url":"https:\/\/aquabrassxpress.com\/wp-content\/uploads\/2024\/11\/XPS94_COMPLETE_ROUND_SHOWER_RAIL-SQUARE_FLANGE_-_3_FNS_HANDSHOWER_PC-scaled.jpg","type":"image\/jpeg"}],"twitter_card":"summary_large_image","twitter_misc":{"Est. reading time":"1 minute"},"schema":{"@context":"https:\/\/schema.org","@graph":[{"@type":"WebPage","@id":"https:\/\/aquabrassxpress.com\/fr\/product\/rail-de-douche-carre-complet\/","url":"https:\/\/aquabrassxpress.com\/fr\/product\/rail-de-douche-carre-complet\/","name":"Rail de douche carr\u00e9 complet - Aquabrass Xpress","isPartOf":{"@id":"https:\/\/aquabrassxpress.com\/fr\/#website"},"primaryImageOfPage":{"@id":"https:\/\/aquabrassxpress.com\/fr\/product\/rail-de-douche-carre-complet\/#primaryimage"},"image":{"@id":"https:\/\/aquabrassxpress.com\/fr\/product\/rail-de-douche-carre-complet\/#primaryimage"},"thumbnailUrl":"https:\/\/aquabrassxpress.com\/wp-content\/uploads\/2024\/11\/XPS94_COMPLETE_ROUND_SHOWER_RAIL-SQUARE_FLANGE_-_3_FNS_HANDSHOWER_PC-scaled.jpg","datePublished":"2024-11-12T20:29:26+00:00","dateModified":"2025-09-02T14:39:28+00:00","breadcrumb":{"@id":"https:\/\/aquabrassxpress.com\/fr\/product\/rail-de-douche-carre-complet\/#breadcrumb"},"inLanguage":"fr-CA","potentialAction":[{"@type":"ReadAction","target":["https:\/\/aquabrassxpress.com\/fr\/product\/rail-de-douche-carre-complet\/"]}]},{"@type":"ImageObject","inLanguage":"fr-CA","@id":"https:\/\/aquabrassxpress.com\/fr\/product\/rail-de-douche-carre-complet\/#primaryimage","url":"https:\/\/aquabrassxpress.com\/wp-content\/uploads\/2024\/11\/XPS94_COMPLETE_ROUND_SHOWER_RAIL-SQUARE_FLANGE_-_3_FNS_HANDSHOWER_PC-scaled.jpg","contentUrl":"https:\/\/aquabrassxpress.com\/wp-content\/uploads\/2024\/11\/XPS94_COMPLETE_ROUND_SHOWER_RAIL-SQUARE_FLANGE_-_3_FNS_HANDSHOWER_PC-scaled.jpg","width":2560,"height":2560},{"@type":"BreadcrumbList","@id":"https:\/\/aquabrassxpress.com\/fr\/product\/rail-de-douche-carre-complet\/#breadcrumb","itemListElement":[{"@type":"ListItem","position":1,"name":"Home","item":"https:\/\/aquabrassxpress.com\/fr\/"},{"@type":"ListItem","position":2,"name":"Shop","item":"https:\/\/aquabrassxpress.com\/shop\/"},{"@type":"ListItem","position":3,"name":"Rail de douche carr\u00e9 complet"}]},{"@type":"WebSite","@id":"https:\/\/aquabrassxpress.com\/fr\/#website","url":"https:\/\/aquabrassxpress.com\/fr\/","name":"Aquabrass Xpress","description":"","publisher":{"@id":"https:\/\/aquabrassxpress.com\/fr\/#organization"},"potentialAction":[{"@type":"SearchAction","target":{"@type":"EntryPoint","urlTemplate":"https:\/\/aquabrassxpress.com\/fr\/?s={search_term_string}"},"query-input":{"@type":"PropertyValueSpecification","valueRequired":true,"valueName":"search_term_string"}}],"inLanguage":"fr-CA"},{"@type":"Organization","@id":"https:\/\/aquabrassxpress.com\/fr\/#organization","name":"Aquabrass Xpress","url":"https:\/\/aquabrassxpress.com\/fr\/","logo":{"@type":"ImageObject","inLanguage":"fr-CA","@id":"https:\/\/aquabrassxpress.com\/fr\/#\/schema\/logo\/image\/","url":"https:\/\/aquabrassxpress.com\/wp-content\/uploads\/2024\/09\/logo.svg","contentUrl":"https:\/\/aquabrassxpress.com\/wp-content\/uploads\/2024\/09\/logo.svg","width":197,"height":36,"caption":"Aquabrass Xpress"},"image":{"@id":"https:\/\/aquabrassxpress.com\/fr\/#\/schema\/logo\/image\/"}}]}},"_links":{"self":[{"href":"https:\/\/aquabrassxpress.com\/fr\/wp-json\/wp\/v2\/product\/3142","targetHints":{"allow":["GET"]}}],"collection":[{"href":"https:\/\/aquabrassxpress.com\/fr\/wp-json\/wp\/v2\/product"}],"about":[{"href":"https:\/\/aquabrassxpress.com\/fr\/wp-json\/wp\/v2\/types\/product"}],"replies":[{"embeddable":true,"href":"https:\/\/aquabrassxpress.com\/fr\/wp-json\/wp\/v2\/comments?post=3142"}],"wp:featuredmedia":[{"embeddable":true,"href":"https:\/\/aquabrassxpress.com\/fr\/wp-json\/wp\/v2\/media\/2334"}],"wp:attachment":[{"href":"https:\/\/aquabrassxpress.com\/fr\/wp-json\/wp\/v2\/media?parent=3142"}],"wp:term":[{"taxonomy":"product_brand","embeddable":true,"href":"https:\/\/aquabrassxpress.com\/fr\/wp-json\/wp\/v2\/product_brand?post=3142"},{"taxonomy":"product_cat","embeddable":true,"href":"https:\/\/aquabrassxpress.com\/fr\/wp-json\/wp\/v2\/product_cat?post=3142"},{"taxonomy":"product_tag","embeddable":true,"href":"https:\/\/aquabrassxpress.com\/fr\/wp-json\/wp\/v2\/product_tag?post=3142"}],"curies":[{"name":"wp","href":"https:\/\/api.w.org\/{rel}","templated":true}]}}