{"id":768,"date":"2024-09-05T14:33:01","date_gmt":"2024-09-05T14:33:01","guid":{"rendered":"http:\/\/aquabrassxpress.com\/?post_type=product&#038;p=768"},"modified":"2026-04-01T16:03:26","modified_gmt":"2026-04-01T16:03:26","slug":"robinet-de-remplissage-de-baignoire-mural-umix","status":"publish","type":"product","link":"https:\/\/aquabrassxpress.com\/fr\/product\/robinet-de-remplissage-de-baignoire-mural-umix\/","title":{"rendered":"Robinet de bain mural avec douchette UMIX"},"content":{"rendered":"<ul>\n<li>Fabriqu\u00e9 en Italie<\/li>\n<li>Finition sur les 4 c\u00f4t\u00e9s pour une installation autonome<\/li>\n<li>Peut \u00eatre install\u00e9 contre un mur, soit du c\u00f4t\u00e9 long, soit du c\u00f4t\u00e9 court.<\/li>\n<li>Inclinaison confortable d&rsquo;un c\u00f4t\u00e9<\/li>\n<li>Surface solide Cristalplant\u00ae, provenant des Dolomites italiennes<\/li>\n<li>Ma\u00efs Biobased\u00ae fabrication durable<\/li>\n<li>R\u00e9sistant au jaunissement et aux chocs thermiques<\/li>\n<li>Surface antibact\u00e9rienne<\/li>\n<li>Surface lisse et mate, agr\u00e9able au toucher<\/li>\n<li>Drainage pop-up de couleur assortie inclus<\/li>\n<li>Trop-plein int\u00e9gr\u00e9<\/li>\n<li>Couleur assortie aux lavabos et receveurs de douche StoneTouch*.<\/li>\n<li>Poids : 181 kg (399 lb)<\/li>\n<li>Capacit\u00e9 : 310 L (82 gal)<\/li>\n<\/ul>\n<p>*De l\u00e9g\u00e8res variations de couleur sont possibles.<\/p>\n","protected":false},"excerpt":{"rendered":"<p>Exprimez-vous en personnalisant les couleurs de chaque composant du robinet pour qu\u2019elles s\u2019accordent parfaitement \u00e0 votre style de salle de bain unique.<\/p>\n","protected":false},"featured_media":1053,"comment_status":"open","ping_status":"closed","template":"","meta":{"_acf_changed":false,"inline_featured_image":false},"product_brand":[],"product_cat":[93,95,99,126],"product_tag":[],"class_list":{"0":"post-768","1":"product","2":"type-product","3":"status-publish","4":"has-post-thumbnail","6":"product_cat-all-categories-fr","7":"product_cat-bathroom-faucets-fr","8":"product_cat-umix-fr","9":"product_cat-bestseller-fr","11":"first","12":"instock","13":"shipping-taxable","14":"purchasable","15":"product-type-simple"},"acf":[],"yoast_head":"<!-- This site is optimized with the Yoast SEO plugin v24.2 - https:\/\/yoast.com\/wordpress\/plugins\/seo\/ -->\n<title>Robinet de bain mural avec douchette UMIX - Aquabrass Xpress<\/title>\n<meta name=\"robots\" content=\"index, follow, max-snippet:-1, max-image-preview:large, max-video-preview:-1\" \/>\n<link rel=\"canonical\" href=\"https:\/\/aquabrassxpress.com\/fr\/product\/robinet-de-remplissage-de-baignoire-mural-umix\/\" \/>\n<meta property=\"og:locale\" content=\"fr_CA\" \/>\n<meta property=\"og:type\" content=\"article\" \/>\n<meta property=\"og:title\" content=\"Robinet de bain mural avec douchette UMIX - Aquabrass Xpress\" \/>\n<meta property=\"og:description\" content=\"Exprimez-vous en personnalisant les couleurs de chaque composant du robinet pour qu\u2019elles s\u2019accordent parfaitement \u00e0 votre style de salle de bain unique.\" \/>\n<meta property=\"og:url\" content=\"https:\/\/aquabrassxpress.com\/fr\/product\/robinet-de-remplissage-de-baignoire-mural-umix\/\" \/>\n<meta property=\"og:site_name\" content=\"Aquabrass Xpress\" \/>\n<meta property=\"article:modified_time\" content=\"2026-04-01T16:03:26+00:00\" \/>\n<meta property=\"og:image\" content=\"https:\/\/aquabrassxpress.com\/wp-content\/uploads\/2024\/09\/62304_UMIX_Wallmount_tub_filler_PC-scaled.jpg\" \/>\n\t<meta property=\"og:image:width\" content=\"2560\" \/>\n\t<meta property=\"og:image:height\" content=\"2560\" \/>\n\t<meta property=\"og:image:type\" content=\"image\/jpeg\" \/>\n<meta name=\"twitter:card\" content=\"summary_large_image\" \/>\n<meta name=\"twitter:label1\" content=\"Est. reading time\" \/>\n\t<meta name=\"twitter:data1\" content=\"1 minute\" \/>\n<script type=\"application\/ld+json\" class=\"yoast-schema-graph\">{\"@context\":\"https:\/\/schema.org\",\"@graph\":[{\"@type\":\"WebPage\",\"@id\":\"https:\/\/aquabrassxpress.com\/fr\/product\/robinet-de-remplissage-de-baignoire-mural-umix\/\",\"url\":\"https:\/\/aquabrassxpress.com\/fr\/product\/robinet-de-remplissage-de-baignoire-mural-umix\/\",\"name\":\"Robinet de bain mural avec douchette UMIX - Aquabrass Xpress\",\"isPartOf\":{\"@id\":\"https:\/\/aquabrassxpress.com\/fr\/#website\"},\"primaryImageOfPage\":{\"@id\":\"https:\/\/aquabrassxpress.com\/fr\/product\/robinet-de-remplissage-de-baignoire-mural-umix\/#primaryimage\"},\"image\":{\"@id\":\"https:\/\/aquabrassxpress.com\/fr\/product\/robinet-de-remplissage-de-baignoire-mural-umix\/#primaryimage\"},\"thumbnailUrl\":\"https:\/\/aquabrassxpress.com\/wp-content\/uploads\/2024\/09\/62304_UMIX_Wallmount_tub_filler_PC-scaled.jpg\",\"datePublished\":\"2024-09-05T14:33:01+00:00\",\"dateModified\":\"2026-04-01T16:03:26+00:00\",\"breadcrumb\":{\"@id\":\"https:\/\/aquabrassxpress.com\/fr\/product\/robinet-de-remplissage-de-baignoire-mural-umix\/#breadcrumb\"},\"inLanguage\":\"fr-CA\",\"potentialAction\":[{\"@type\":\"ReadAction\",\"target\":[\"https:\/\/aquabrassxpress.com\/fr\/product\/robinet-de-remplissage-de-baignoire-mural-umix\/\"]}]},{\"@type\":\"ImageObject\",\"inLanguage\":\"fr-CA\",\"@id\":\"https:\/\/aquabrassxpress.com\/fr\/product\/robinet-de-remplissage-de-baignoire-mural-umix\/#primaryimage\",\"url\":\"https:\/\/aquabrassxpress.com\/wp-content\/uploads\/2024\/09\/62304_UMIX_Wallmount_tub_filler_PC-scaled.jpg\",\"contentUrl\":\"https:\/\/aquabrassxpress.com\/wp-content\/uploads\/2024\/09\/62304_UMIX_Wallmount_tub_filler_PC-scaled.jpg\",\"width\":2560,\"height\":2560},{\"@type\":\"BreadcrumbList\",\"@id\":\"https:\/\/aquabrassxpress.com\/fr\/product\/robinet-de-remplissage-de-baignoire-mural-umix\/#breadcrumb\",\"itemListElement\":[{\"@type\":\"ListItem\",\"position\":1,\"name\":\"Home\",\"item\":\"https:\/\/aquabrassxpress.com\/fr\/\"},{\"@type\":\"ListItem\",\"position\":2,\"name\":\"Shop\",\"item\":\"https:\/\/aquabrassxpress.com\/shop\/\"},{\"@type\":\"ListItem\",\"position\":3,\"name\":\"Robinet de bain mural avec douchette UMIX\"}]},{\"@type\":\"WebSite\",\"@id\":\"https:\/\/aquabrassxpress.com\/fr\/#website\",\"url\":\"https:\/\/aquabrassxpress.com\/fr\/\",\"name\":\"Aquabrass Xpress\",\"description\":\"\",\"publisher\":{\"@id\":\"https:\/\/aquabrassxpress.com\/fr\/#organization\"},\"potentialAction\":[{\"@type\":\"SearchAction\",\"target\":{\"@type\":\"EntryPoint\",\"urlTemplate\":\"https:\/\/aquabrassxpress.com\/fr\/?s={search_term_string}\"},\"query-input\":{\"@type\":\"PropertyValueSpecification\",\"valueRequired\":true,\"valueName\":\"search_term_string\"}}],\"inLanguage\":\"fr-CA\"},{\"@type\":\"Organization\",\"@id\":\"https:\/\/aquabrassxpress.com\/fr\/#organization\",\"name\":\"Aquabrass Xpress\",\"url\":\"https:\/\/aquabrassxpress.com\/fr\/\",\"logo\":{\"@type\":\"ImageObject\",\"inLanguage\":\"fr-CA\",\"@id\":\"https:\/\/aquabrassxpress.com\/fr\/#\/schema\/logo\/image\/\",\"url\":\"https:\/\/aquabrassxpress.com\/wp-content\/uploads\/2024\/09\/logo.svg\",\"contentUrl\":\"https:\/\/aquabrassxpress.com\/wp-content\/uploads\/2024\/09\/logo.svg\",\"width\":197,\"height\":36,\"caption\":\"Aquabrass Xpress\"},\"image\":{\"@id\":\"https:\/\/aquabrassxpress.com\/fr\/#\/schema\/logo\/image\/\"}}]}<\/script>\n<!-- \/ Yoast SEO plugin. -->","yoast_head_json":{"title":"Robinet de bain mural avec douchette UMIX - Aquabrass Xpress","robots":{"index":"index","follow":"follow","max-snippet":"max-snippet:-1","max-image-preview":"max-image-preview:large","max-video-preview":"max-video-preview:-1"},"canonical":"https:\/\/aquabrassxpress.com\/fr\/product\/robinet-de-remplissage-de-baignoire-mural-umix\/","og_locale":"fr_CA","og_type":"article","og_title":"Robinet de bain mural avec douchette UMIX - Aquabrass Xpress","og_description":"Exprimez-vous en personnalisant les couleurs de chaque composant du robinet pour qu\u2019elles s\u2019accordent parfaitement \u00e0 votre style de salle de bain unique.","og_url":"https:\/\/aquabrassxpress.com\/fr\/product\/robinet-de-remplissage-de-baignoire-mural-umix\/","og_site_name":"Aquabrass Xpress","article_modified_time":"2026-04-01T16:03:26+00:00","og_image":[{"width":2560,"height":2560,"url":"https:\/\/aquabrassxpress.com\/wp-content\/uploads\/2024\/09\/62304_UMIX_Wallmount_tub_filler_PC-scaled.jpg","type":"image\/jpeg"}],"twitter_card":"summary_large_image","twitter_misc":{"Est. reading time":"1 minute"},"schema":{"@context":"https:\/\/schema.org","@graph":[{"@type":"WebPage","@id":"https:\/\/aquabrassxpress.com\/fr\/product\/robinet-de-remplissage-de-baignoire-mural-umix\/","url":"https:\/\/aquabrassxpress.com\/fr\/product\/robinet-de-remplissage-de-baignoire-mural-umix\/","name":"Robinet de bain mural avec douchette UMIX - Aquabrass Xpress","isPartOf":{"@id":"https:\/\/aquabrassxpress.com\/fr\/#website"},"primaryImageOfPage":{"@id":"https:\/\/aquabrassxpress.com\/fr\/product\/robinet-de-remplissage-de-baignoire-mural-umix\/#primaryimage"},"image":{"@id":"https:\/\/aquabrassxpress.com\/fr\/product\/robinet-de-remplissage-de-baignoire-mural-umix\/#primaryimage"},"thumbnailUrl":"https:\/\/aquabrassxpress.com\/wp-content\/uploads\/2024\/09\/62304_UMIX_Wallmount_tub_filler_PC-scaled.jpg","datePublished":"2024-09-05T14:33:01+00:00","dateModified":"2026-04-01T16:03:26+00:00","breadcrumb":{"@id":"https:\/\/aquabrassxpress.com\/fr\/product\/robinet-de-remplissage-de-baignoire-mural-umix\/#breadcrumb"},"inLanguage":"fr-CA","potentialAction":[{"@type":"ReadAction","target":["https:\/\/aquabrassxpress.com\/fr\/product\/robinet-de-remplissage-de-baignoire-mural-umix\/"]}]},{"@type":"ImageObject","inLanguage":"fr-CA","@id":"https:\/\/aquabrassxpress.com\/fr\/product\/robinet-de-remplissage-de-baignoire-mural-umix\/#primaryimage","url":"https:\/\/aquabrassxpress.com\/wp-content\/uploads\/2024\/09\/62304_UMIX_Wallmount_tub_filler_PC-scaled.jpg","contentUrl":"https:\/\/aquabrassxpress.com\/wp-content\/uploads\/2024\/09\/62304_UMIX_Wallmount_tub_filler_PC-scaled.jpg","width":2560,"height":2560},{"@type":"BreadcrumbList","@id":"https:\/\/aquabrassxpress.com\/fr\/product\/robinet-de-remplissage-de-baignoire-mural-umix\/#breadcrumb","itemListElement":[{"@type":"ListItem","position":1,"name":"Home","item":"https:\/\/aquabrassxpress.com\/fr\/"},{"@type":"ListItem","position":2,"name":"Shop","item":"https:\/\/aquabrassxpress.com\/shop\/"},{"@type":"ListItem","position":3,"name":"Robinet de bain mural avec douchette UMIX"}]},{"@type":"WebSite","@id":"https:\/\/aquabrassxpress.com\/fr\/#website","url":"https:\/\/aquabrassxpress.com\/fr\/","name":"Aquabrass Xpress","description":"","publisher":{"@id":"https:\/\/aquabrassxpress.com\/fr\/#organization"},"potentialAction":[{"@type":"SearchAction","target":{"@type":"EntryPoint","urlTemplate":"https:\/\/aquabrassxpress.com\/fr\/?s={search_term_string}"},"query-input":{"@type":"PropertyValueSpecification","valueRequired":true,"valueName":"search_term_string"}}],"inLanguage":"fr-CA"},{"@type":"Organization","@id":"https:\/\/aquabrassxpress.com\/fr\/#organization","name":"Aquabrass Xpress","url":"https:\/\/aquabrassxpress.com\/fr\/","logo":{"@type":"ImageObject","inLanguage":"fr-CA","@id":"https:\/\/aquabrassxpress.com\/fr\/#\/schema\/logo\/image\/","url":"https:\/\/aquabrassxpress.com\/wp-content\/uploads\/2024\/09\/logo.svg","contentUrl":"https:\/\/aquabrassxpress.com\/wp-content\/uploads\/2024\/09\/logo.svg","width":197,"height":36,"caption":"Aquabrass Xpress"},"image":{"@id":"https:\/\/aquabrassxpress.com\/fr\/#\/schema\/logo\/image\/"}}]}},"_links":{"self":[{"href":"https:\/\/aquabrassxpress.com\/fr\/wp-json\/wp\/v2\/product\/768","targetHints":{"allow":["GET"]}}],"collection":[{"href":"https:\/\/aquabrassxpress.com\/fr\/wp-json\/wp\/v2\/product"}],"about":[{"href":"https:\/\/aquabrassxpress.com\/fr\/wp-json\/wp\/v2\/types\/product"}],"replies":[{"embeddable":true,"href":"https:\/\/aquabrassxpress.com\/fr\/wp-json\/wp\/v2\/comments?post=768"}],"wp:featuredmedia":[{"embeddable":true,"href":"https:\/\/aquabrassxpress.com\/fr\/wp-json\/wp\/v2\/media\/1053"}],"wp:attachment":[{"href":"https:\/\/aquabrassxpress.com\/fr\/wp-json\/wp\/v2\/media?parent=768"}],"wp:term":[{"taxonomy":"product_brand","embeddable":true,"href":"https:\/\/aquabrassxpress.com\/fr\/wp-json\/wp\/v2\/product_brand?post=768"},{"taxonomy":"product_cat","embeddable":true,"href":"https:\/\/aquabrassxpress.com\/fr\/wp-json\/wp\/v2\/product_cat?post=768"},{"taxonomy":"product_tag","embeddable":true,"href":"https:\/\/aquabrassxpress.com\/fr\/wp-json\/wp\/v2\/product_tag?post=768"}],"curies":[{"name":"wp","href":"https:\/\/api.w.org\/{rel}","templated":true}]}}